{"id":4510,"date":"2025-01-16T11:58:14","date_gmt":"2025-01-16T10:58:14","guid":{"rendered":"https:\/\/ch.gigroup.com\/branches-contact\/"},"modified":"2026-04-29T23:02:17","modified_gmt":"2026-04-29T21:02:17","slug":"unsere-filialen","status":"publish","type":"page","link":"https:\/\/ch.gigroup.com\/de\/unsere-filialen\/","title":{"rendered":"Filialen und Kontakt"},"content":{"rendered":"","protected":false},"excerpt":{"rendered":"","protected":false},"author":1,"featured_media":4511,"parent":0,"menu_order":0,"comment_status":"closed","ping_status":"closed","template":"","meta":{"footnotes":""},"class_list":["post-4510","page","type-page","status-publish","has-post-thumbnail","hentry"],"yoast_head":"<!-- This site is optimized with the Yoast SEO Premium plugin v27.5 (Yoast SEO v27.5) - https:\/\/yoast.com\/product\/yoast-seo-premium-wordpress\/ -->\n<title>Gi Group kontaktieren und unsere Filialen sehen - Gi Group Switzerland<\/title>\n<meta name=\"description\" content=\"Haben Sie Fragen? Wir w\u00fcrden uns gerne Ihre Geschichte anh\u00f6ren und herausfinden, wie wir helfen k\u00f6nnen. Nehmen Sie Kontakt mit Gi Group auf oder finden Sie eine Niederlassung in Ihrer N\u00e4he.\" \/>\n<meta name=\"robots\" content=\"index, follow, max-snippet:-1, max-image-preview:large, max-video-preview:-1\" \/>\n<link rel=\"canonical\" href=\"https:\/\/ch.gigroup.com\/de\/unsere-filialen\/\" \/>\n<meta property=\"og:locale\" content=\"de_DE\" \/>\n<meta property=\"og:type\" content=\"article\" \/>\n<meta property=\"og:title\" content=\"Filialen und Kontakt\" \/>\n<meta property=\"og:description\" content=\"Haben Sie Fragen? Wir w\u00fcrden uns gerne Ihre Geschichte anh\u00f6ren und herausfinden, wie wir helfen k\u00f6nnen. Nehmen Sie Kontakt mit Gi Group auf oder finden Sie eine Niederlassung in Ihrer N\u00e4he.\" \/>\n<meta property=\"og:url\" content=\"https:\/\/ch.gigroup.com\/de\/unsere-filialen\/\" \/>\n<meta property=\"og:site_name\" content=\"Gi Group Switzerland\" \/>\n<meta property=\"article:modified_time\" content=\"2026-04-29T21:02:17+00:00\" \/>\n<meta property=\"og:image\" content=\"https:\/\/ch.gigroup.com\/wp-content\/uploads\/sites\/13\/header-contact-us.webp\" \/>\n\t<meta property=\"og:image:width\" content=\"900\" \/>\n\t<meta property=\"og:image:height\" content=\"600\" \/>\n\t<meta property=\"og:image:type\" content=\"image\/webp\" \/>\n<meta name=\"twitter:card\" content=\"summary_large_image\" \/>\n<script type=\"application\/ld+json\" class=\"yoast-schema-graph\">{\"@context\":\"https:\\\/\\\/schema.org\",\"@graph\":[{\"@type\":[\"WebPage\",\"ContactPage\"],\"@id\":\"https:\\\/\\\/ch.gigroup.com\\\/de\\\/unsere-filialen\\\/\",\"url\":\"https:\\\/\\\/ch.gigroup.com\\\/de\\\/unsere-filialen\\\/\",\"name\":\"Gi Group kontaktieren und unsere Filialen sehen - Gi Group Switzerland\",\"isPartOf\":{\"@id\":\"https:\\\/\\\/ch.gigroup.com\\\/#website\"},\"primaryImageOfPage\":{\"@id\":\"https:\\\/\\\/ch.gigroup.com\\\/de\\\/unsere-filialen\\\/#primaryimage\"},\"image\":{\"@id\":\"https:\\\/\\\/ch.gigroup.com\\\/de\\\/unsere-filialen\\\/#primaryimage\"},\"thumbnailUrl\":\"https:\\\/\\\/ch.gigroup.com\\\/wp-content\\\/uploads\\\/sites\\\/13\\\/header-contact-us.webp\",\"datePublished\":\"2025-01-16T10:58:14+00:00\",\"dateModified\":\"2026-04-29T21:02:17+00:00\",\"description\":\"Haben Sie Fragen? Wir w\u00fcrden uns gerne Ihre Geschichte anh\u00f6ren und herausfinden, wie wir helfen k\u00f6nnen. Nehmen Sie Kontakt mit Gi Group auf oder finden Sie eine Niederlassung in Ihrer N\u00e4he.\",\"breadcrumb\":{\"@id\":\"https:\\\/\\\/ch.gigroup.com\\\/de\\\/unsere-filialen\\\/#breadcrumb\"},\"inLanguage\":\"de\",\"potentialAction\":[{\"@type\":\"ReadAction\",\"target\":[\"https:\\\/\\\/ch.gigroup.com\\\/de\\\/unsere-filialen\\\/\"]}]},{\"@type\":\"ImageObject\",\"inLanguage\":\"de\",\"@id\":\"https:\\\/\\\/ch.gigroup.com\\\/de\\\/unsere-filialen\\\/#primaryimage\",\"url\":\"https:\\\/\\\/ch.gigroup.com\\\/wp-content\\\/uploads\\\/sites\\\/13\\\/header-contact-us.webp\",\"contentUrl\":\"https:\\\/\\\/ch.gigroup.com\\\/wp-content\\\/uploads\\\/sites\\\/13\\\/header-contact-us.webp\",\"width\":900,\"height\":600,\"caption\":\"Contact Gi Group\"},{\"@type\":\"BreadcrumbList\",\"@id\":\"https:\\\/\\\/ch.gigroup.com\\\/de\\\/unsere-filialen\\\/#breadcrumb\",\"itemListElement\":[{\"@type\":\"ListItem\",\"position\":1,\"name\":\"Home\",\"item\":\"https:\\\/\\\/ch.gigroup.com\\\/\"},{\"@type\":\"ListItem\",\"position\":2,\"name\":\"Filialen und Kontakt\"}]},{\"@type\":\"WebSite\",\"@id\":\"https:\\\/\\\/ch.gigroup.com\\\/#website\",\"url\":\"https:\\\/\\\/ch.gigroup.com\\\/\",\"name\":\"Gi Group Switzerland\",\"description\":\"Temporary and Permanent staffing\",\"potentialAction\":[{\"@type\":\"SearchAction\",\"target\":{\"@type\":\"EntryPoint\",\"urlTemplate\":\"https:\\\/\\\/ch.gigroup.com\\\/?s={search_term_string}\"},\"query-input\":{\"@type\":\"PropertyValueSpecification\",\"valueRequired\":true,\"valueName\":\"search_term_string\"}}],\"inLanguage\":\"de\"}]}<\/script>\n<!-- \/ Yoast SEO Premium plugin. -->","yoast_head_json":{"title":"Gi Group kontaktieren und unsere Filialen sehen - Gi Group Switzerland","description":"Haben Sie Fragen? Wir w\u00fcrden uns gerne Ihre Geschichte anh\u00f6ren und herausfinden, wie wir helfen k\u00f6nnen. Nehmen Sie Kontakt mit Gi Group auf oder finden Sie eine Niederlassung in Ihrer N\u00e4he.","robots":{"index":"index","follow":"follow","max-snippet":"max-snippet:-1","max-image-preview":"max-image-preview:large","max-video-preview":"max-video-preview:-1"},"canonical":"https:\/\/ch.gigroup.com\/de\/unsere-filialen\/","og_locale":"de_DE","og_type":"article","og_title":"Filialen und Kontakt","og_description":"Haben Sie Fragen? Wir w\u00fcrden uns gerne Ihre Geschichte anh\u00f6ren und herausfinden, wie wir helfen k\u00f6nnen. Nehmen Sie Kontakt mit Gi Group auf oder finden Sie eine Niederlassung in Ihrer N\u00e4he.","og_url":"https:\/\/ch.gigroup.com\/de\/unsere-filialen\/","og_site_name":"Gi Group Switzerland","article_modified_time":"2026-04-29T21:02:17+00:00","og_image":[{"width":900,"height":600,"url":"https:\/\/ch.gigroup.com\/wp-content\/uploads\/sites\/13\/header-contact-us.webp","type":"image\/webp"}],"twitter_card":"summary_large_image","schema":{"@context":"https:\/\/schema.org","@graph":[{"@type":["WebPage","ContactPage"],"@id":"https:\/\/ch.gigroup.com\/de\/unsere-filialen\/","url":"https:\/\/ch.gigroup.com\/de\/unsere-filialen\/","name":"Gi Group kontaktieren und unsere Filialen sehen - Gi Group Switzerland","isPartOf":{"@id":"https:\/\/ch.gigroup.com\/#website"},"primaryImageOfPage":{"@id":"https:\/\/ch.gigroup.com\/de\/unsere-filialen\/#primaryimage"},"image":{"@id":"https:\/\/ch.gigroup.com\/de\/unsere-filialen\/#primaryimage"},"thumbnailUrl":"https:\/\/ch.gigroup.com\/wp-content\/uploads\/sites\/13\/header-contact-us.webp","datePublished":"2025-01-16T10:58:14+00:00","dateModified":"2026-04-29T21:02:17+00:00","description":"Haben Sie Fragen? Wir w\u00fcrden uns gerne Ihre Geschichte anh\u00f6ren und herausfinden, wie wir helfen k\u00f6nnen. Nehmen Sie Kontakt mit Gi Group auf oder finden Sie eine Niederlassung in Ihrer N\u00e4he.","breadcrumb":{"@id":"https:\/\/ch.gigroup.com\/de\/unsere-filialen\/#breadcrumb"},"inLanguage":"de","potentialAction":[{"@type":"ReadAction","target":["https:\/\/ch.gigroup.com\/de\/unsere-filialen\/"]}]},{"@type":"ImageObject","inLanguage":"de","@id":"https:\/\/ch.gigroup.com\/de\/unsere-filialen\/#primaryimage","url":"https:\/\/ch.gigroup.com\/wp-content\/uploads\/sites\/13\/header-contact-us.webp","contentUrl":"https:\/\/ch.gigroup.com\/wp-content\/uploads\/sites\/13\/header-contact-us.webp","width":900,"height":600,"caption":"Contact Gi Group"},{"@type":"BreadcrumbList","@id":"https:\/\/ch.gigroup.com\/de\/unsere-filialen\/#breadcrumb","itemListElement":[{"@type":"ListItem","position":1,"name":"Home","item":"https:\/\/ch.gigroup.com\/"},{"@type":"ListItem","position":2,"name":"Filialen und Kontakt"}]},{"@type":"WebSite","@id":"https:\/\/ch.gigroup.com\/#website","url":"https:\/\/ch.gigroup.com\/","name":"Gi Group Switzerland","description":"Temporary and Permanent staffing","potentialAction":[{"@type":"SearchAction","target":{"@type":"EntryPoint","urlTemplate":"https:\/\/ch.gigroup.com\/?s={search_term_string}"},"query-input":{"@type":"PropertyValueSpecification","valueRequired":true,"valueName":"search_term_string"}}],"inLanguage":"de"}]}},"_links":{"self":[{"href":"https:\/\/ch.gigroup.com\/de\/wp-json\/wp\/v2\/pages\/4510","targetHints":{"allow":["GET"]}}],"collection":[{"href":"https:\/\/ch.gigroup.com\/de\/wp-json\/wp\/v2\/pages"}],"about":[{"href":"https:\/\/ch.gigroup.com\/de\/wp-json\/wp\/v2\/types\/page"}],"author":[{"embeddable":true,"href":"https:\/\/ch.gigroup.com\/de\/wp-json\/wp\/v2\/users\/1"}],"replies":[{"embeddable":true,"href":"https:\/\/ch.gigroup.com\/de\/wp-json\/wp\/v2\/comments?post=4510"}],"version-history":[{"count":7,"href":"https:\/\/ch.gigroup.com\/de\/wp-json\/wp\/v2\/pages\/4510\/revisions"}],"predecessor-version":[{"id":7104,"href":"https:\/\/ch.gigroup.com\/de\/wp-json\/wp\/v2\/pages\/4510\/revisions\/7104"}],"wp:featuredmedia":[{"embeddable":true,"href":"https:\/\/ch.gigroup.com\/de\/wp-json\/wp\/v2\/media\/4511"}],"wp:attachment":[{"href":"https:\/\/ch.gigroup.com\/de\/wp-json\/wp\/v2\/media?parent=4510"}],"curies":[{"name":"wp","href":"https:\/\/api.w.org\/{rel}","templated":true}]}}