{"id":4546,"date":"2025-06-13T15:32:51","date_gmt":"2025-06-13T13:32:51","guid":{"rendered":"https:\/\/ch.gigroup.com\/unternehmen\/gilogistics-candidates\/"},"modified":"2026-03-30T14:39:44","modified_gmt":"2026-03-30T12:39:44","slug":"gilogistics-kandidaten","status":"publish","type":"page","link":"https:\/\/ch.gigroup.com\/de\/bewerber\/gilogistics-kandidaten\/","title":{"rendered":"Gi Group Logistik f\u00fcr Bewerberinnen und Bewerber<!-- Gi Logistics for Candidates -->"},"content":{"rendered":"","protected":false},"excerpt":{"rendered":"","protected":false},"author":1,"featured_media":4543,"parent":6682,"menu_order":0,"comment_status":"closed","ping_status":"closed","template":"","meta":{"footnotes":""},"class_list":["post-4546","page","type-page","status-publish","has-post-thumbnail","hentry"],"yoast_head":"<!-- This site is optimized with the Yoast SEO Premium plugin v27.4 (Yoast SEO v27.4) - https:\/\/yoast.com\/product\/yoast-seo-premium-wordpress\/ -->\n<title>Gi Group Logistik: Jobangebote f\u00fcr den Logistiksektor - Gi Group Switzerland<\/title>\n<meta name=\"description\" content=\"Wir finden sinnvolle Arbeitsm\u00f6glichkeiten in der Logistik. Mit \u00fcber 30 Jahren Erfahrung sind wir in der Lage, dich bei deinem n\u00e4chsten Schritt zu unterst\u00fctzen, ganz gleich, ob du neu beginnst oder dich beruflich ver\u00e4ndern m\u00f6chtest.\" \/>\n<meta name=\"robots\" content=\"index, follow, max-snippet:-1, max-image-preview:large, max-video-preview:-1\" \/>\n<link rel=\"canonical\" href=\"https:\/\/ch.gigroup.com\/de\/bewerber\/gilogistics-kandidaten\/\" \/>\n<meta property=\"og:locale\" content=\"de_DE\" \/>\n<meta property=\"og:type\" content=\"article\" \/>\n<meta property=\"og:title\" content=\"Gi Group Logistik f\u00fcr Bewerberinnen und Bewerber\" \/>\n<meta property=\"og:description\" content=\"Wir finden sinnvolle Arbeitsm\u00f6glichkeiten in der Logistik. Mit \u00fcber 30 Jahren Erfahrung sind wir in der Lage, dich bei deinem n\u00e4chsten Schritt zu unterst\u00fctzen, ganz gleich, ob du neu beginnst oder dich beruflich ver\u00e4ndern m\u00f6chtest.\" \/>\n<meta property=\"og:url\" content=\"https:\/\/ch.gigroup.com\/de\/bewerber\/gilogistics-kandidaten\/\" \/>\n<meta property=\"og:site_name\" content=\"Gi Group Switzerland\" \/>\n<meta property=\"article:modified_time\" content=\"2026-03-30T12:39:44+00:00\" \/>\n<meta property=\"og:image\" content=\"https:\/\/ch.gigroup.com\/wp-content\/uploads\/sites\/13\/experienced-delivery-driver.webp\" \/>\n\t<meta property=\"og:image:width\" content=\"900\" \/>\n\t<meta property=\"og:image:height\" content=\"600\" \/>\n\t<meta property=\"og:image:type\" content=\"image\/webp\" \/>\n<meta name=\"twitter:card\" content=\"summary_large_image\" \/>\n<script type=\"application\/ld+json\" class=\"yoast-schema-graph\">{\"@context\":\"https:\\\/\\\/schema.org\",\"@graph\":[{\"@type\":\"WebPage\",\"@id\":\"https:\\\/\\\/ch.gigroup.com\\\/de\\\/bewerber\\\/gilogistics-kandidaten\\\/\",\"url\":\"https:\\\/\\\/ch.gigroup.com\\\/de\\\/bewerber\\\/gilogistics-kandidaten\\\/\",\"name\":\"Gi Group Logistik: Jobangebote f\u00fcr den Logistiksektor - Gi Group Switzerland\",\"isPartOf\":{\"@id\":\"https:\\\/\\\/ch.gigroup.com\\\/#website\"},\"primaryImageOfPage\":{\"@id\":\"https:\\\/\\\/ch.gigroup.com\\\/de\\\/bewerber\\\/gilogistics-kandidaten\\\/#primaryimage\"},\"image\":{\"@id\":\"https:\\\/\\\/ch.gigroup.com\\\/de\\\/bewerber\\\/gilogistics-kandidaten\\\/#primaryimage\"},\"thumbnailUrl\":\"https:\\\/\\\/ch.gigroup.com\\\/wp-content\\\/uploads\\\/sites\\\/13\\\/experienced-delivery-driver.webp\",\"datePublished\":\"2025-06-13T13:32:51+00:00\",\"dateModified\":\"2026-03-30T12:39:44+00:00\",\"description\":\"Wir finden sinnvolle Arbeitsm\u00f6glichkeiten in der Logistik. Mit \u00fcber 30 Jahren Erfahrung sind wir in der Lage, dich bei deinem n\u00e4chsten Schritt zu unterst\u00fctzen, ganz gleich, ob du neu beginnst oder dich beruflich ver\u00e4ndern m\u00f6chtest.\",\"breadcrumb\":{\"@id\":\"https:\\\/\\\/ch.gigroup.com\\\/de\\\/bewerber\\\/gilogistics-kandidaten\\\/#breadcrumb\"},\"inLanguage\":\"de\",\"potentialAction\":[{\"@type\":\"ReadAction\",\"target\":[\"https:\\\/\\\/ch.gigroup.com\\\/de\\\/bewerber\\\/gilogistics-kandidaten\\\/\"]}]},{\"@type\":\"ImageObject\",\"inLanguage\":\"de\",\"@id\":\"https:\\\/\\\/ch.gigroup.com\\\/de\\\/bewerber\\\/gilogistics-kandidaten\\\/#primaryimage\",\"url\":\"https:\\\/\\\/ch.gigroup.com\\\/wp-content\\\/uploads\\\/sites\\\/13\\\/experienced-delivery-driver.webp\",\"contentUrl\":\"https:\\\/\\\/ch.gigroup.com\\\/wp-content\\\/uploads\\\/sites\\\/13\\\/experienced-delivery-driver.webp\",\"width\":900,\"height\":600,\"caption\":\"Erfahrener Lieferfahrer\"},{\"@type\":\"BreadcrumbList\",\"@id\":\"https:\\\/\\\/ch.gigroup.com\\\/de\\\/bewerber\\\/gilogistics-kandidaten\\\/#breadcrumb\",\"itemListElement\":[{\"@type\":\"ListItem\",\"position\":1,\"name\":\"Home\",\"item\":\"https:\\\/\\\/ch.gigroup.com\\\/\"},{\"@type\":\"ListItem\",\"position\":2,\"name\":\"Bewerber\",\"item\":\"https:\\\/\\\/ch.gigroup.com\\\/de\\\/bewerber\\\/\"},{\"@type\":\"ListItem\",\"position\":3,\"name\":\"Gi Group Logistik f\u00fcr Bewerberinnen und Bewerber\"}]},{\"@type\":\"WebSite\",\"@id\":\"https:\\\/\\\/ch.gigroup.com\\\/#website\",\"url\":\"https:\\\/\\\/ch.gigroup.com\\\/\",\"name\":\"Gi Group Switzerland\",\"description\":\"Temporary and Permanent staffing\",\"potentialAction\":[{\"@type\":\"SearchAction\",\"target\":{\"@type\":\"EntryPoint\",\"urlTemplate\":\"https:\\\/\\\/ch.gigroup.com\\\/?s={search_term_string}\"},\"query-input\":{\"@type\":\"PropertyValueSpecification\",\"valueRequired\":true,\"valueName\":\"search_term_string\"}}],\"inLanguage\":\"de\"}]}<\/script>\n<!-- \/ Yoast SEO Premium plugin. -->","yoast_head_json":{"title":"Gi Group Logistik: Jobangebote f\u00fcr den Logistiksektor - Gi Group Switzerland","description":"Wir finden sinnvolle Arbeitsm\u00f6glichkeiten in der Logistik. Mit \u00fcber 30 Jahren Erfahrung sind wir in der Lage, dich bei deinem n\u00e4chsten Schritt zu unterst\u00fctzen, ganz gleich, ob du neu beginnst oder dich beruflich ver\u00e4ndern m\u00f6chtest.","robots":{"index":"index","follow":"follow","max-snippet":"max-snippet:-1","max-image-preview":"max-image-preview:large","max-video-preview":"max-video-preview:-1"},"canonical":"https:\/\/ch.gigroup.com\/de\/bewerber\/gilogistics-kandidaten\/","og_locale":"de_DE","og_type":"article","og_title":"Gi Group Logistik f\u00fcr Bewerberinnen und Bewerber","og_description":"Wir finden sinnvolle Arbeitsm\u00f6glichkeiten in der Logistik. Mit \u00fcber 30 Jahren Erfahrung sind wir in der Lage, dich bei deinem n\u00e4chsten Schritt zu unterst\u00fctzen, ganz gleich, ob du neu beginnst oder dich beruflich ver\u00e4ndern m\u00f6chtest.","og_url":"https:\/\/ch.gigroup.com\/de\/bewerber\/gilogistics-kandidaten\/","og_site_name":"Gi Group Switzerland","article_modified_time":"2026-03-30T12:39:44+00:00","og_image":[{"width":900,"height":600,"url":"https:\/\/ch.gigroup.com\/wp-content\/uploads\/sites\/13\/experienced-delivery-driver.webp","type":"image\/webp"}],"twitter_card":"summary_large_image","schema":{"@context":"https:\/\/schema.org","@graph":[{"@type":"WebPage","@id":"https:\/\/ch.gigroup.com\/de\/bewerber\/gilogistics-kandidaten\/","url":"https:\/\/ch.gigroup.com\/de\/bewerber\/gilogistics-kandidaten\/","name":"Gi Group Logistik: Jobangebote f\u00fcr den Logistiksektor - Gi Group Switzerland","isPartOf":{"@id":"https:\/\/ch.gigroup.com\/#website"},"primaryImageOfPage":{"@id":"https:\/\/ch.gigroup.com\/de\/bewerber\/gilogistics-kandidaten\/#primaryimage"},"image":{"@id":"https:\/\/ch.gigroup.com\/de\/bewerber\/gilogistics-kandidaten\/#primaryimage"},"thumbnailUrl":"https:\/\/ch.gigroup.com\/wp-content\/uploads\/sites\/13\/experienced-delivery-driver.webp","datePublished":"2025-06-13T13:32:51+00:00","dateModified":"2026-03-30T12:39:44+00:00","description":"Wir finden sinnvolle Arbeitsm\u00f6glichkeiten in der Logistik. Mit \u00fcber 30 Jahren Erfahrung sind wir in der Lage, dich bei deinem n\u00e4chsten Schritt zu unterst\u00fctzen, ganz gleich, ob du neu beginnst oder dich beruflich ver\u00e4ndern m\u00f6chtest.","breadcrumb":{"@id":"https:\/\/ch.gigroup.com\/de\/bewerber\/gilogistics-kandidaten\/#breadcrumb"},"inLanguage":"de","potentialAction":[{"@type":"ReadAction","target":["https:\/\/ch.gigroup.com\/de\/bewerber\/gilogistics-kandidaten\/"]}]},{"@type":"ImageObject","inLanguage":"de","@id":"https:\/\/ch.gigroup.com\/de\/bewerber\/gilogistics-kandidaten\/#primaryimage","url":"https:\/\/ch.gigroup.com\/wp-content\/uploads\/sites\/13\/experienced-delivery-driver.webp","contentUrl":"https:\/\/ch.gigroup.com\/wp-content\/uploads\/sites\/13\/experienced-delivery-driver.webp","width":900,"height":600,"caption":"Erfahrener Lieferfahrer"},{"@type":"BreadcrumbList","@id":"https:\/\/ch.gigroup.com\/de\/bewerber\/gilogistics-kandidaten\/#breadcrumb","itemListElement":[{"@type":"ListItem","position":1,"name":"Home","item":"https:\/\/ch.gigroup.com\/"},{"@type":"ListItem","position":2,"name":"Bewerber","item":"https:\/\/ch.gigroup.com\/de\/bewerber\/"},{"@type":"ListItem","position":3,"name":"Gi Group Logistik f\u00fcr Bewerberinnen und Bewerber"}]},{"@type":"WebSite","@id":"https:\/\/ch.gigroup.com\/#website","url":"https:\/\/ch.gigroup.com\/","name":"Gi Group Switzerland","description":"Temporary and Permanent staffing","potentialAction":[{"@type":"SearchAction","target":{"@type":"EntryPoint","urlTemplate":"https:\/\/ch.gigroup.com\/?s={search_term_string}"},"query-input":{"@type":"PropertyValueSpecification","valueRequired":true,"valueName":"search_term_string"}}],"inLanguage":"de"}]}},"_links":{"self":[{"href":"https:\/\/ch.gigroup.com\/de\/wp-json\/wp\/v2\/pages\/4546","targetHints":{"allow":["GET"]}}],"collection":[{"href":"https:\/\/ch.gigroup.com\/de\/wp-json\/wp\/v2\/pages"}],"about":[{"href":"https:\/\/ch.gigroup.com\/de\/wp-json\/wp\/v2\/types\/page"}],"author":[{"embeddable":true,"href":"https:\/\/ch.gigroup.com\/de\/wp-json\/wp\/v2\/users\/1"}],"replies":[{"embeddable":true,"href":"https:\/\/ch.gigroup.com\/de\/wp-json\/wp\/v2\/comments?post=4546"}],"version-history":[{"count":7,"href":"https:\/\/ch.gigroup.com\/de\/wp-json\/wp\/v2\/pages\/4546\/revisions"}],"predecessor-version":[{"id":6946,"href":"https:\/\/ch.gigroup.com\/de\/wp-json\/wp\/v2\/pages\/4546\/revisions\/6946"}],"up":[{"embeddable":true,"href":"https:\/\/ch.gigroup.com\/de\/wp-json\/wp\/v2\/pages\/6682"}],"wp:featuredmedia":[{"embeddable":true,"href":"https:\/\/ch.gigroup.com\/de\/wp-json\/wp\/v2\/media\/4543"}],"wp:attachment":[{"href":"https:\/\/ch.gigroup.com\/de\/wp-json\/wp\/v2\/media?parent=4546"}],"curies":[{"name":"wp","href":"https:\/\/api.w.org\/{rel}","templated":true}]}}