{"id":7499,"date":"2026-05-06T07:28:49","date_gmt":"2026-05-06T05:28:49","guid":{"rendered":"https:\/\/ch.gigroup.com\/?page_id=7499"},"modified":"2026-05-06T10:27:58","modified_gmt":"2026-05-06T08:27:58","slug":"gi-group-industry-fuer-unternehmen","status":"publish","type":"page","link":"https:\/\/ch.gigroup.com\/de\/unternehmen\/gi-group-industry-fuer-unternehmen\/","title":{"rendered":"Gi Group Industry f\u00fcr Unternehmen"},"content":{"rendered":"","protected":false},"excerpt":{"rendered":"","protected":false},"author":33,"featured_media":6322,"parent":4485,"menu_order":0,"comment_status":"closed","ping_status":"closed","template":"","meta":{"footnotes":""},"class_list":["post-7499","page","type-page","status-publish","has-post-thumbnail","hentry"],"yoast_head":"<!-- This site is optimized with the Yoast SEO Premium plugin v27.5 (Yoast SEO v27.5) - https:\/\/yoast.com\/product\/yoast-seo-premium-wordpress\/ -->\n<title>Gi Group Industry f\u00fcr Unternehmen - Gi Group Switzerland<\/title>\n<meta name=\"description\" content=\"Gi Group ist im Industriesektor t\u00e4tig und verf\u00fcgt \u00fcber eine nachgewiesene Erfolgsbilanz mit verschiedenen Kunden auf dem Schweizer und dem internationalen Markt, mit \u00fcber 30 Jahren Erfahrung weltweit.\" \/>\n<meta name=\"robots\" content=\"index, follow, max-snippet:-1, max-image-preview:large, max-video-preview:-1\" \/>\n<link rel=\"canonical\" href=\"https:\/\/ch.gigroup.com\/de\/unternehmen\/gi-group-industry-fuer-unternehmen\/\" \/>\n<meta property=\"og:locale\" content=\"de_DE\" \/>\n<meta property=\"og:type\" content=\"article\" \/>\n<meta property=\"og:title\" content=\"Gi Group Industry f\u00fcr Unternehmen\" \/>\n<meta property=\"og:description\" content=\"Gi Group ist im Industriesektor t\u00e4tig und verf\u00fcgt \u00fcber eine nachgewiesene Erfolgsbilanz mit verschiedenen Kunden auf dem Schweizer und dem internationalen Markt, mit \u00fcber 30 Jahren Erfahrung weltweit.\" \/>\n<meta property=\"og:url\" content=\"https:\/\/ch.gigroup.com\/de\/unternehmen\/gi-group-industry-fuer-unternehmen\/\" \/>\n<meta property=\"og:site_name\" content=\"Gi Group Switzerland\" \/>\n<meta property=\"article:modified_time\" content=\"2026-05-06T08:27:58+00:00\" \/>\n<meta property=\"og:image\" content=\"https:\/\/ch.gigroup.com\/wp-content\/uploads\/sites\/13\/divisions-gibpo.webp\" \/>\n\t<meta property=\"og:image:width\" content=\"900\" \/>\n\t<meta property=\"og:image:height\" content=\"600\" \/>\n\t<meta property=\"og:image:type\" content=\"image\/webp\" \/>\n<meta name=\"twitter:card\" content=\"summary_large_image\" \/>\n<script type=\"application\/ld+json\" class=\"yoast-schema-graph\">{\"@context\":\"https:\\\/\\\/schema.org\",\"@graph\":[{\"@type\":\"WebPage\",\"@id\":\"https:\\\/\\\/ch.gigroup.com\\\/de\\\/unternehmen\\\/gi-group-industry-fuer-unternehmen\\\/\",\"url\":\"https:\\\/\\\/ch.gigroup.com\\\/de\\\/unternehmen\\\/gi-group-industry-fuer-unternehmen\\\/\",\"name\":\"Gi Group Industry f\u00fcr Unternehmen - Gi Group Switzerland\",\"isPartOf\":{\"@id\":\"https:\\\/\\\/ch.gigroup.com\\\/#website\"},\"primaryImageOfPage\":{\"@id\":\"https:\\\/\\\/ch.gigroup.com\\\/de\\\/unternehmen\\\/gi-group-industry-fuer-unternehmen\\\/#primaryimage\"},\"image\":{\"@id\":\"https:\\\/\\\/ch.gigroup.com\\\/de\\\/unternehmen\\\/gi-group-industry-fuer-unternehmen\\\/#primaryimage\"},\"thumbnailUrl\":\"https:\\\/\\\/ch.gigroup.com\\\/wp-content\\\/uploads\\\/sites\\\/13\\\/divisions-gibpo.webp\",\"datePublished\":\"2026-05-06T05:28:49+00:00\",\"dateModified\":\"2026-05-06T08:27:58+00:00\",\"description\":\"Gi Group ist im Industriesektor t\u00e4tig und verf\u00fcgt \u00fcber eine nachgewiesene Erfolgsbilanz mit verschiedenen Kunden auf dem Schweizer und dem internationalen Markt, mit \u00fcber 30 Jahren Erfahrung weltweit.\",\"breadcrumb\":{\"@id\":\"https:\\\/\\\/ch.gigroup.com\\\/de\\\/unternehmen\\\/gi-group-industry-fuer-unternehmen\\\/#breadcrumb\"},\"inLanguage\":\"de\",\"potentialAction\":[{\"@type\":\"ReadAction\",\"target\":[\"https:\\\/\\\/ch.gigroup.com\\\/de\\\/unternehmen\\\/gi-group-industry-fuer-unternehmen\\\/\"]}]},{\"@type\":\"ImageObject\",\"inLanguage\":\"de\",\"@id\":\"https:\\\/\\\/ch.gigroup.com\\\/de\\\/unternehmen\\\/gi-group-industry-fuer-unternehmen\\\/#primaryimage\",\"url\":\"https:\\\/\\\/ch.gigroup.com\\\/wp-content\\\/uploads\\\/sites\\\/13\\\/divisions-gibpo.webp\",\"contentUrl\":\"https:\\\/\\\/ch.gigroup.com\\\/wp-content\\\/uploads\\\/sites\\\/13\\\/divisions-gibpo.webp\",\"width\":900,\"height\":600,\"caption\":\"divisions gibpo\"},{\"@type\":\"BreadcrumbList\",\"@id\":\"https:\\\/\\\/ch.gigroup.com\\\/de\\\/unternehmen\\\/gi-group-industry-fuer-unternehmen\\\/#breadcrumb\",\"itemListElement\":[{\"@type\":\"ListItem\",\"position\":1,\"name\":\"Home\",\"item\":\"https:\\\/\\\/ch.gigroup.com\\\/\"},{\"@type\":\"ListItem\",\"position\":2,\"name\":\"F\u00fcr Unternehmen\",\"item\":\"https:\\\/\\\/ch.gigroup.com\\\/de\\\/unternehmen\\\/\"},{\"@type\":\"ListItem\",\"position\":3,\"name\":\"Gi Group Industry f\u00fcr Unternehmen\"}]},{\"@type\":\"WebSite\",\"@id\":\"https:\\\/\\\/ch.gigroup.com\\\/#website\",\"url\":\"https:\\\/\\\/ch.gigroup.com\\\/\",\"name\":\"Gi Group Switzerland\",\"description\":\"Temporary and Permanent staffing\",\"potentialAction\":[{\"@type\":\"SearchAction\",\"target\":{\"@type\":\"EntryPoint\",\"urlTemplate\":\"https:\\\/\\\/ch.gigroup.com\\\/?s={search_term_string}\"},\"query-input\":{\"@type\":\"PropertyValueSpecification\",\"valueRequired\":true,\"valueName\":\"search_term_string\"}}],\"inLanguage\":\"de\"}]}<\/script>\n<!-- \/ Yoast SEO Premium plugin. -->","yoast_head_json":{"title":"Gi Group Industry f\u00fcr Unternehmen - Gi Group Switzerland","description":"Gi Group ist im Industriesektor t\u00e4tig und verf\u00fcgt \u00fcber eine nachgewiesene Erfolgsbilanz mit verschiedenen Kunden auf dem Schweizer und dem internationalen Markt, mit \u00fcber 30 Jahren Erfahrung weltweit.","robots":{"index":"index","follow":"follow","max-snippet":"max-snippet:-1","max-image-preview":"max-image-preview:large","max-video-preview":"max-video-preview:-1"},"canonical":"https:\/\/ch.gigroup.com\/de\/unternehmen\/gi-group-industry-fuer-unternehmen\/","og_locale":"de_DE","og_type":"article","og_title":"Gi Group Industry f\u00fcr Unternehmen","og_description":"Gi Group ist im Industriesektor t\u00e4tig und verf\u00fcgt \u00fcber eine nachgewiesene Erfolgsbilanz mit verschiedenen Kunden auf dem Schweizer und dem internationalen Markt, mit \u00fcber 30 Jahren Erfahrung weltweit.","og_url":"https:\/\/ch.gigroup.com\/de\/unternehmen\/gi-group-industry-fuer-unternehmen\/","og_site_name":"Gi Group Switzerland","article_modified_time":"2026-05-06T08:27:58+00:00","og_image":[{"width":900,"height":600,"url":"https:\/\/ch.gigroup.com\/wp-content\/uploads\/sites\/13\/divisions-gibpo.webp","type":"image\/webp"}],"twitter_card":"summary_large_image","schema":{"@context":"https:\/\/schema.org","@graph":[{"@type":"WebPage","@id":"https:\/\/ch.gigroup.com\/de\/unternehmen\/gi-group-industry-fuer-unternehmen\/","url":"https:\/\/ch.gigroup.com\/de\/unternehmen\/gi-group-industry-fuer-unternehmen\/","name":"Gi Group Industry f\u00fcr Unternehmen - Gi Group Switzerland","isPartOf":{"@id":"https:\/\/ch.gigroup.com\/#website"},"primaryImageOfPage":{"@id":"https:\/\/ch.gigroup.com\/de\/unternehmen\/gi-group-industry-fuer-unternehmen\/#primaryimage"},"image":{"@id":"https:\/\/ch.gigroup.com\/de\/unternehmen\/gi-group-industry-fuer-unternehmen\/#primaryimage"},"thumbnailUrl":"https:\/\/ch.gigroup.com\/wp-content\/uploads\/sites\/13\/divisions-gibpo.webp","datePublished":"2026-05-06T05:28:49+00:00","dateModified":"2026-05-06T08:27:58+00:00","description":"Gi Group ist im Industriesektor t\u00e4tig und verf\u00fcgt \u00fcber eine nachgewiesene Erfolgsbilanz mit verschiedenen Kunden auf dem Schweizer und dem internationalen Markt, mit \u00fcber 30 Jahren Erfahrung weltweit.","breadcrumb":{"@id":"https:\/\/ch.gigroup.com\/de\/unternehmen\/gi-group-industry-fuer-unternehmen\/#breadcrumb"},"inLanguage":"de","potentialAction":[{"@type":"ReadAction","target":["https:\/\/ch.gigroup.com\/de\/unternehmen\/gi-group-industry-fuer-unternehmen\/"]}]},{"@type":"ImageObject","inLanguage":"de","@id":"https:\/\/ch.gigroup.com\/de\/unternehmen\/gi-group-industry-fuer-unternehmen\/#primaryimage","url":"https:\/\/ch.gigroup.com\/wp-content\/uploads\/sites\/13\/divisions-gibpo.webp","contentUrl":"https:\/\/ch.gigroup.com\/wp-content\/uploads\/sites\/13\/divisions-gibpo.webp","width":900,"height":600,"caption":"divisions gibpo"},{"@type":"BreadcrumbList","@id":"https:\/\/ch.gigroup.com\/de\/unternehmen\/gi-group-industry-fuer-unternehmen\/#breadcrumb","itemListElement":[{"@type":"ListItem","position":1,"name":"Home","item":"https:\/\/ch.gigroup.com\/"},{"@type":"ListItem","position":2,"name":"F\u00fcr Unternehmen","item":"https:\/\/ch.gigroup.com\/de\/unternehmen\/"},{"@type":"ListItem","position":3,"name":"Gi Group Industry f\u00fcr Unternehmen"}]},{"@type":"WebSite","@id":"https:\/\/ch.gigroup.com\/#website","url":"https:\/\/ch.gigroup.com\/","name":"Gi Group Switzerland","description":"Temporary and Permanent staffing","potentialAction":[{"@type":"SearchAction","target":{"@type":"EntryPoint","urlTemplate":"https:\/\/ch.gigroup.com\/?s={search_term_string}"},"query-input":{"@type":"PropertyValueSpecification","valueRequired":true,"valueName":"search_term_string"}}],"inLanguage":"de"}]}},"_links":{"self":[{"href":"https:\/\/ch.gigroup.com\/de\/wp-json\/wp\/v2\/pages\/7499","targetHints":{"allow":["GET"]}}],"collection":[{"href":"https:\/\/ch.gigroup.com\/de\/wp-json\/wp\/v2\/pages"}],"about":[{"href":"https:\/\/ch.gigroup.com\/de\/wp-json\/wp\/v2\/types\/page"}],"author":[{"embeddable":true,"href":"https:\/\/ch.gigroup.com\/de\/wp-json\/wp\/v2\/users\/33"}],"replies":[{"embeddable":true,"href":"https:\/\/ch.gigroup.com\/de\/wp-json\/wp\/v2\/comments?post=7499"}],"version-history":[{"count":2,"href":"https:\/\/ch.gigroup.com\/de\/wp-json\/wp\/v2\/pages\/7499\/revisions"}],"predecessor-version":[{"id":7502,"href":"https:\/\/ch.gigroup.com\/de\/wp-json\/wp\/v2\/pages\/7499\/revisions\/7502"}],"up":[{"embeddable":true,"href":"https:\/\/ch.gigroup.com\/de\/wp-json\/wp\/v2\/pages\/4485"}],"wp:featuredmedia":[{"embeddable":true,"href":"https:\/\/ch.gigroup.com\/de\/wp-json\/wp\/v2\/media\/6322"}],"wp:attachment":[{"href":"https:\/\/ch.gigroup.com\/de\/wp-json\/wp\/v2\/media?parent=7499"}],"curies":[{"name":"wp","href":"https:\/\/api.w.org\/{rel}","templated":true}]}}