{"id":4227,"date":"2025-01-16T11:03:39","date_gmt":"2025-01-16T10:03:39","guid":{"rendered":"https:\/\/ch.gigroup.com\/companies\/permanent-staffing\/"},"modified":"2026-04-29T21:51:43","modified_gmt":"2026-04-29T19:51:43","slug":"personnel-fixe","status":"publish","type":"page","link":"https:\/\/ch.gigroup.com\/fr\/entreprises\/personnel-fixe\/","title":{"rendered":"Personnel fixe"},"content":{"rendered":"","protected":false},"excerpt":{"rendered":"","protected":false},"author":1,"featured_media":4228,"parent":4221,"menu_order":0,"comment_status":"closed","ping_status":"closed","template":"","meta":{"footnotes":""},"class_list":["post-4227","page","type-page","status-publish","has-post-thumbnail","hentry"],"yoast_head":"<!-- This site is optimized with the Yoast SEO Premium plugin v27.4 (Yoast SEO v27.4) - https:\/\/yoast.com\/product\/yoast-seo-premium-wordpress\/ -->\n<title>Notre service de recrutement de personnel permanent - Gi Group Suisse<\/title>\n<meta name=\"description\" content=\"Quelle est l&#039;histoire de votre organisation ? Nous vous consultons \u00e9troitement pour comprendre vos besoins en mati\u00e8re de recrutement et nous assurer que chaque candidat correspond non seulement au poste \u00e0 pourvoir, mais aussi aux valeurs uniques de votre entreprise. De la recherche \u00e0 la s\u00e9lection, nous nous occupons de tout, en proposant des candidats qui correspondent \u00e0 vos objectifs actuels et futurs.\" \/>\n<meta name=\"robots\" content=\"index, follow, max-snippet:-1, max-image-preview:large, max-video-preview:-1\" \/>\n<link rel=\"canonical\" href=\"https:\/\/ch.gigroup.com\/fr\/entreprises\/personnel-fixe\/\" \/>\n<meta property=\"og:locale\" content=\"fr_FR\" \/>\n<meta property=\"og:type\" content=\"article\" \/>\n<meta property=\"og:title\" content=\"Personnel fixe\" \/>\n<meta property=\"og:description\" content=\"Quelle est l&#039;histoire de votre organisation ? Nous vous consultons \u00e9troitement pour comprendre vos besoins en mati\u00e8re de recrutement et nous assurer que chaque candidat correspond non seulement au poste \u00e0 pourvoir, mais aussi aux valeurs uniques de votre entreprise. De la recherche \u00e0 la s\u00e9lection, nous nous occupons de tout, en proposant des candidats qui correspondent \u00e0 vos objectifs actuels et futurs.\" \/>\n<meta property=\"og:url\" content=\"https:\/\/ch.gigroup.com\/fr\/entreprises\/personnel-fixe\/\" \/>\n<meta property=\"og:site_name\" content=\"Gi Group Switzerland\" \/>\n<meta property=\"article:modified_time\" content=\"2026-04-29T19:51:43+00:00\" \/>\n<meta property=\"og:image\" content=\"https:\/\/ch.gigroup.com\/wp-content\/uploads\/sites\/13\/header-how-can-we-support-you.webp\" \/>\n\t<meta property=\"og:image:width\" content=\"900\" \/>\n\t<meta property=\"og:image:height\" content=\"600\" \/>\n\t<meta property=\"og:image:type\" content=\"image\/webp\" \/>\n<meta name=\"twitter:card\" content=\"summary_large_image\" \/>\n<script type=\"application\/ld+json\" class=\"yoast-schema-graph\">{\"@context\":\"https:\\\/\\\/schema.org\",\"@graph\":[{\"@type\":\"WebPage\",\"@id\":\"https:\\\/\\\/ch.gigroup.com\\\/fr\\\/entreprises\\\/personnel-fixe\\\/\",\"url\":\"https:\\\/\\\/ch.gigroup.com\\\/fr\\\/entreprises\\\/personnel-fixe\\\/\",\"name\":\"Notre service de recrutement de personnel permanent - Gi Group Suisse\",\"isPartOf\":{\"@id\":\"https:\\\/\\\/ch.gigroup.com\\\/#website\"},\"primaryImageOfPage\":{\"@id\":\"https:\\\/\\\/ch.gigroup.com\\\/fr\\\/entreprises\\\/personnel-fixe\\\/#primaryimage\"},\"image\":{\"@id\":\"https:\\\/\\\/ch.gigroup.com\\\/fr\\\/entreprises\\\/personnel-fixe\\\/#primaryimage\"},\"thumbnailUrl\":\"https:\\\/\\\/ch.gigroup.com\\\/wp-content\\\/uploads\\\/sites\\\/13\\\/header-how-can-we-support-you.webp\",\"datePublished\":\"2025-01-16T10:03:39+00:00\",\"dateModified\":\"2026-04-29T19:51:43+00:00\",\"description\":\"Quelle est l'histoire de votre organisation ? Nous vous consultons \u00e9troitement pour comprendre vos besoins en mati\u00e8re de recrutement et nous assurer que chaque candidat correspond non seulement au poste \u00e0 pourvoir, mais aussi aux valeurs uniques de votre entreprise. De la recherche \u00e0 la s\u00e9lection, nous nous occupons de tout, en proposant des candidats qui correspondent \u00e0 vos objectifs actuels et futurs.\",\"breadcrumb\":{\"@id\":\"https:\\\/\\\/ch.gigroup.com\\\/fr\\\/entreprises\\\/personnel-fixe\\\/#breadcrumb\"},\"inLanguage\":\"fr-FR\",\"potentialAction\":[{\"@type\":\"ReadAction\",\"target\":[\"https:\\\/\\\/ch.gigroup.com\\\/fr\\\/entreprises\\\/personnel-fixe\\\/\"]}]},{\"@type\":\"ImageObject\",\"inLanguage\":\"fr-FR\",\"@id\":\"https:\\\/\\\/ch.gigroup.com\\\/fr\\\/entreprises\\\/personnel-fixe\\\/#primaryimage\",\"url\":\"https:\\\/\\\/ch.gigroup.com\\\/wp-content\\\/uploads\\\/sites\\\/13\\\/header-how-can-we-support-you.webp\",\"contentUrl\":\"https:\\\/\\\/ch.gigroup.com\\\/wp-content\\\/uploads\\\/sites\\\/13\\\/header-how-can-we-support-you.webp\",\"width\":900,\"height\":600,\"caption\":\"permanent staffing\"},{\"@type\":\"BreadcrumbList\",\"@id\":\"https:\\\/\\\/ch.gigroup.com\\\/fr\\\/entreprises\\\/personnel-fixe\\\/#breadcrumb\",\"itemListElement\":[{\"@type\":\"ListItem\",\"position\":1,\"name\":\"Home\",\"item\":\"https:\\\/\\\/ch.gigroup.com\\\/\"},{\"@type\":\"ListItem\",\"position\":2,\"name\":\"Pour les entreprises\",\"item\":\"https:\\\/\\\/ch.gigroup.com\\\/fr\\\/entreprises\\\/\"},{\"@type\":\"ListItem\",\"position\":3,\"name\":\"Personnel fixe\"}]},{\"@type\":\"WebSite\",\"@id\":\"https:\\\/\\\/ch.gigroup.com\\\/#website\",\"url\":\"https:\\\/\\\/ch.gigroup.com\\\/\",\"name\":\"Gi Group Switzerland\",\"description\":\"Temporary and Permanent staffing\",\"potentialAction\":[{\"@type\":\"SearchAction\",\"target\":{\"@type\":\"EntryPoint\",\"urlTemplate\":\"https:\\\/\\\/ch.gigroup.com\\\/?s={search_term_string}\"},\"query-input\":{\"@type\":\"PropertyValueSpecification\",\"valueRequired\":true,\"valueName\":\"search_term_string\"}}],\"inLanguage\":\"fr-FR\"}]}<\/script>\n<!-- \/ Yoast SEO Premium plugin. -->","yoast_head_json":{"title":"Notre service de recrutement de personnel permanent - Gi Group Suisse","description":"Quelle est l'histoire de votre organisation ? Nous vous consultons \u00e9troitement pour comprendre vos besoins en mati\u00e8re de recrutement et nous assurer que chaque candidat correspond non seulement au poste \u00e0 pourvoir, mais aussi aux valeurs uniques de votre entreprise. De la recherche \u00e0 la s\u00e9lection, nous nous occupons de tout, en proposant des candidats qui correspondent \u00e0 vos objectifs actuels et futurs.","robots":{"index":"index","follow":"follow","max-snippet":"max-snippet:-1","max-image-preview":"max-image-preview:large","max-video-preview":"max-video-preview:-1"},"canonical":"https:\/\/ch.gigroup.com\/fr\/entreprises\/personnel-fixe\/","og_locale":"fr_FR","og_type":"article","og_title":"Personnel fixe","og_description":"Quelle est l'histoire de votre organisation ? Nous vous consultons \u00e9troitement pour comprendre vos besoins en mati\u00e8re de recrutement et nous assurer que chaque candidat correspond non seulement au poste \u00e0 pourvoir, mais aussi aux valeurs uniques de votre entreprise. De la recherche \u00e0 la s\u00e9lection, nous nous occupons de tout, en proposant des candidats qui correspondent \u00e0 vos objectifs actuels et futurs.","og_url":"https:\/\/ch.gigroup.com\/fr\/entreprises\/personnel-fixe\/","og_site_name":"Gi Group Switzerland","article_modified_time":"2026-04-29T19:51:43+00:00","og_image":[{"width":900,"height":600,"url":"https:\/\/ch.gigroup.com\/wp-content\/uploads\/sites\/13\/header-how-can-we-support-you.webp","type":"image\/webp"}],"twitter_card":"summary_large_image","schema":{"@context":"https:\/\/schema.org","@graph":[{"@type":"WebPage","@id":"https:\/\/ch.gigroup.com\/fr\/entreprises\/personnel-fixe\/","url":"https:\/\/ch.gigroup.com\/fr\/entreprises\/personnel-fixe\/","name":"Notre service de recrutement de personnel permanent - Gi Group Suisse","isPartOf":{"@id":"https:\/\/ch.gigroup.com\/#website"},"primaryImageOfPage":{"@id":"https:\/\/ch.gigroup.com\/fr\/entreprises\/personnel-fixe\/#primaryimage"},"image":{"@id":"https:\/\/ch.gigroup.com\/fr\/entreprises\/personnel-fixe\/#primaryimage"},"thumbnailUrl":"https:\/\/ch.gigroup.com\/wp-content\/uploads\/sites\/13\/header-how-can-we-support-you.webp","datePublished":"2025-01-16T10:03:39+00:00","dateModified":"2026-04-29T19:51:43+00:00","description":"Quelle est l'histoire de votre organisation ? Nous vous consultons \u00e9troitement pour comprendre vos besoins en mati\u00e8re de recrutement et nous assurer que chaque candidat correspond non seulement au poste \u00e0 pourvoir, mais aussi aux valeurs uniques de votre entreprise. De la recherche \u00e0 la s\u00e9lection, nous nous occupons de tout, en proposant des candidats qui correspondent \u00e0 vos objectifs actuels et futurs.","breadcrumb":{"@id":"https:\/\/ch.gigroup.com\/fr\/entreprises\/personnel-fixe\/#breadcrumb"},"inLanguage":"fr-FR","potentialAction":[{"@type":"ReadAction","target":["https:\/\/ch.gigroup.com\/fr\/entreprises\/personnel-fixe\/"]}]},{"@type":"ImageObject","inLanguage":"fr-FR","@id":"https:\/\/ch.gigroup.com\/fr\/entreprises\/personnel-fixe\/#primaryimage","url":"https:\/\/ch.gigroup.com\/wp-content\/uploads\/sites\/13\/header-how-can-we-support-you.webp","contentUrl":"https:\/\/ch.gigroup.com\/wp-content\/uploads\/sites\/13\/header-how-can-we-support-you.webp","width":900,"height":600,"caption":"permanent staffing"},{"@type":"BreadcrumbList","@id":"https:\/\/ch.gigroup.com\/fr\/entreprises\/personnel-fixe\/#breadcrumb","itemListElement":[{"@type":"ListItem","position":1,"name":"Home","item":"https:\/\/ch.gigroup.com\/"},{"@type":"ListItem","position":2,"name":"Pour les entreprises","item":"https:\/\/ch.gigroup.com\/fr\/entreprises\/"},{"@type":"ListItem","position":3,"name":"Personnel fixe"}]},{"@type":"WebSite","@id":"https:\/\/ch.gigroup.com\/#website","url":"https:\/\/ch.gigroup.com\/","name":"Gi Group Switzerland","description":"Temporary and Permanent staffing","potentialAction":[{"@type":"SearchAction","target":{"@type":"EntryPoint","urlTemplate":"https:\/\/ch.gigroup.com\/?s={search_term_string}"},"query-input":{"@type":"PropertyValueSpecification","valueRequired":true,"valueName":"search_term_string"}}],"inLanguage":"fr-FR"}]}},"_links":{"self":[{"href":"https:\/\/ch.gigroup.com\/fr\/wp-json\/wp\/v2\/pages\/4227","targetHints":{"allow":["GET"]}}],"collection":[{"href":"https:\/\/ch.gigroup.com\/fr\/wp-json\/wp\/v2\/pages"}],"about":[{"href":"https:\/\/ch.gigroup.com\/fr\/wp-json\/wp\/v2\/types\/page"}],"author":[{"embeddable":true,"href":"https:\/\/ch.gigroup.com\/fr\/wp-json\/wp\/v2\/users\/1"}],"replies":[{"embeddable":true,"href":"https:\/\/ch.gigroup.com\/fr\/wp-json\/wp\/v2\/comments?post=4227"}],"version-history":[{"count":5,"href":"https:\/\/ch.gigroup.com\/fr\/wp-json\/wp\/v2\/pages\/4227\/revisions"}],"predecessor-version":[{"id":7082,"href":"https:\/\/ch.gigroup.com\/fr\/wp-json\/wp\/v2\/pages\/4227\/revisions\/7082"}],"up":[{"embeddable":true,"href":"https:\/\/ch.gigroup.com\/fr\/wp-json\/wp\/v2\/pages\/4221"}],"wp:featuredmedia":[{"embeddable":true,"href":"https:\/\/ch.gigroup.com\/fr\/wp-json\/wp\/v2\/media\/4228"}],"wp:attachment":[{"href":"https:\/\/ch.gigroup.com\/fr\/wp-json\/wp\/v2\/media?parent=4227"}],"curies":[{"name":"wp","href":"https:\/\/api.w.org\/{rel}","templated":true}]}}