{"id":4230,"date":"2024-12-23T14:57:19","date_gmt":"2024-12-23T13:57:19","guid":{"rendered":"https:\/\/ch.gigroup.com\/current-vacancies\/"},"modified":"2026-02-26T12:20:12","modified_gmt":"2026-02-26T11:20:12","slug":"offres-demploi","status":"publish","type":"page","link":"https:\/\/ch.gigroup.com\/fr\/offres-demploi\/","title":{"rendered":"Offres d&#8217;emploi"},"content":{"rendered":"","protected":false},"excerpt":{"rendered":"","protected":false},"author":1,"featured_media":4231,"parent":0,"menu_order":0,"comment_status":"closed","ping_status":"closed","template":"","meta":{"footnotes":""},"class_list":["post-4230","page","type-page","status-publish","has-post-thumbnail","hentry"],"yoast_head":"<!-- This site is optimized with the Yoast SEO Premium plugin v27.4 (Yoast SEO v27.4) - https:\/\/yoast.com\/product\/yoast-seo-premium-wordpress\/ -->\n<title>Nos offres d&#039;emploi - Gi Group Switzerland<\/title>\n<meta name=\"description\" content=\"Gi Group vous propose des offres d&#039;emploi temporaires et permanentes, vous aidant \u00e0 trouver le bon poste et \u00e0 faire progresser votre carri\u00e8re.\" \/>\n<meta name=\"robots\" content=\"index, follow, max-snippet:-1, max-image-preview:large, max-video-preview:-1\" \/>\n<link rel=\"canonical\" href=\"https:\/\/ch.gigroup.com\/current-vacancies\/\" \/>\n<meta property=\"og:locale\" content=\"fr_FR\" \/>\n<meta property=\"og:type\" content=\"article\" \/>\n<meta property=\"og:title\" content=\"Offres d&#039;emploi\" \/>\n<meta property=\"og:description\" content=\"Gi Group vous propose des offres d&#039;emploi temporaires et permanentes, vous aidant \u00e0 trouver le bon poste et \u00e0 faire progresser votre carri\u00e8re.\" \/>\n<meta property=\"og:url\" content=\"https:\/\/ch.gigroup.com\/current-vacancies\/\" \/>\n<meta property=\"og:site_name\" content=\"Gi Group Switzerland\" \/>\n<meta property=\"article:modified_time\" content=\"2026-02-26T11:20:12+00:00\" \/>\n<meta property=\"og:image\" content=\"https:\/\/ch.gigroup.com\/wp-content\/uploads\/sites\/13\/gi-group-logo-696x696-1.jpg\" \/>\n\t<meta property=\"og:image:width\" content=\"696\" \/>\n\t<meta property=\"og:image:height\" content=\"696\" \/>\n\t<meta property=\"og:image:type\" content=\"image\/jpeg\" \/>\n<meta name=\"twitter:card\" content=\"summary_large_image\" \/>\n<script type=\"application\/ld+json\" class=\"yoast-schema-graph\">{\"@context\":\"https:\\\/\\\/schema.org\",\"@graph\":[{\"@type\":\"WebPage\",\"@id\":\"https:\\\/\\\/ch.gigroup.com\\\/current-vacancies\\\/\",\"url\":\"https:\\\/\\\/ch.gigroup.com\\\/current-vacancies\\\/\",\"name\":\"Nos offres d'emploi - Gi Group Switzerland\",\"isPartOf\":{\"@id\":\"https:\\\/\\\/ch.gigroup.com\\\/#website\"},\"primaryImageOfPage\":{\"@id\":\"https:\\\/\\\/ch.gigroup.com\\\/current-vacancies\\\/#primaryimage\"},\"image\":{\"@id\":\"https:\\\/\\\/ch.gigroup.com\\\/current-vacancies\\\/#primaryimage\"},\"thumbnailUrl\":\"https:\\\/\\\/ch.gigroup.com\\\/wp-content\\\/uploads\\\/sites\\\/13\\\/gi-group-logo-696x696-1.jpg\",\"datePublished\":\"2024-12-23T13:57:19+00:00\",\"dateModified\":\"2026-02-26T11:20:12+00:00\",\"description\":\"Gi Group vous propose des offres d'emploi temporaires et permanentes, vous aidant \u00e0 trouver le bon poste et \u00e0 faire progresser votre carri\u00e8re.\",\"breadcrumb\":{\"@id\":\"https:\\\/\\\/ch.gigroup.com\\\/current-vacancies\\\/#breadcrumb\"},\"inLanguage\":\"fr-FR\",\"potentialAction\":[{\"@type\":\"ReadAction\",\"target\":[\"https:\\\/\\\/ch.gigroup.com\\\/current-vacancies\\\/\"]}]},{\"@type\":\"ImageObject\",\"inLanguage\":\"fr-FR\",\"@id\":\"https:\\\/\\\/ch.gigroup.com\\\/current-vacancies\\\/#primaryimage\",\"url\":\"https:\\\/\\\/ch.gigroup.com\\\/wp-content\\\/uploads\\\/sites\\\/13\\\/gi-group-logo-696x696-1.jpg\",\"contentUrl\":\"https:\\\/\\\/ch.gigroup.com\\\/wp-content\\\/uploads\\\/sites\\\/13\\\/gi-group-logo-696x696-1.jpg\",\"width\":696,\"height\":696,\"caption\":\"Gi Group temporary and permanent jobs\"},{\"@type\":\"BreadcrumbList\",\"@id\":\"https:\\\/\\\/ch.gigroup.com\\\/current-vacancies\\\/#breadcrumb\",\"itemListElement\":[{\"@type\":\"ListItem\",\"position\":1,\"name\":\"Home\",\"item\":\"https:\\\/\\\/ch.gigroup.com\\\/\"},{\"@type\":\"ListItem\",\"position\":2,\"name\":\"Offres d&#8217;emploi\"}]},{\"@type\":\"WebSite\",\"@id\":\"https:\\\/\\\/ch.gigroup.com\\\/#website\",\"url\":\"https:\\\/\\\/ch.gigroup.com\\\/\",\"name\":\"Gi Group Switzerland\",\"description\":\"Temporary and Permanent staffing\",\"potentialAction\":[{\"@type\":\"SearchAction\",\"target\":{\"@type\":\"EntryPoint\",\"urlTemplate\":\"https:\\\/\\\/ch.gigroup.com\\\/?s={search_term_string}\"},\"query-input\":{\"@type\":\"PropertyValueSpecification\",\"valueRequired\":true,\"valueName\":\"search_term_string\"}}],\"inLanguage\":\"fr-FR\"}]}<\/script>\n<!-- \/ Yoast SEO Premium plugin. -->","yoast_head_json":{"title":"Nos offres d'emploi - Gi Group Switzerland","description":"Gi Group vous propose des offres d'emploi temporaires et permanentes, vous aidant \u00e0 trouver le bon poste et \u00e0 faire progresser votre carri\u00e8re.","robots":{"index":"index","follow":"follow","max-snippet":"max-snippet:-1","max-image-preview":"max-image-preview:large","max-video-preview":"max-video-preview:-1"},"canonical":"https:\/\/ch.gigroup.com\/current-vacancies\/","og_locale":"fr_FR","og_type":"article","og_title":"Offres d'emploi","og_description":"Gi Group vous propose des offres d'emploi temporaires et permanentes, vous aidant \u00e0 trouver le bon poste et \u00e0 faire progresser votre carri\u00e8re.","og_url":"https:\/\/ch.gigroup.com\/current-vacancies\/","og_site_name":"Gi Group Switzerland","article_modified_time":"2026-02-26T11:20:12+00:00","og_image":[{"width":696,"height":696,"url":"https:\/\/ch.gigroup.com\/wp-content\/uploads\/sites\/13\/gi-group-logo-696x696-1.jpg","type":"image\/jpeg"}],"twitter_card":"summary_large_image","schema":{"@context":"https:\/\/schema.org","@graph":[{"@type":"WebPage","@id":"https:\/\/ch.gigroup.com\/current-vacancies\/","url":"https:\/\/ch.gigroup.com\/current-vacancies\/","name":"Nos offres d'emploi - Gi Group Switzerland","isPartOf":{"@id":"https:\/\/ch.gigroup.com\/#website"},"primaryImageOfPage":{"@id":"https:\/\/ch.gigroup.com\/current-vacancies\/#primaryimage"},"image":{"@id":"https:\/\/ch.gigroup.com\/current-vacancies\/#primaryimage"},"thumbnailUrl":"https:\/\/ch.gigroup.com\/wp-content\/uploads\/sites\/13\/gi-group-logo-696x696-1.jpg","datePublished":"2024-12-23T13:57:19+00:00","dateModified":"2026-02-26T11:20:12+00:00","description":"Gi Group vous propose des offres d'emploi temporaires et permanentes, vous aidant \u00e0 trouver le bon poste et \u00e0 faire progresser votre carri\u00e8re.","breadcrumb":{"@id":"https:\/\/ch.gigroup.com\/current-vacancies\/#breadcrumb"},"inLanguage":"fr-FR","potentialAction":[{"@type":"ReadAction","target":["https:\/\/ch.gigroup.com\/current-vacancies\/"]}]},{"@type":"ImageObject","inLanguage":"fr-FR","@id":"https:\/\/ch.gigroup.com\/current-vacancies\/#primaryimage","url":"https:\/\/ch.gigroup.com\/wp-content\/uploads\/sites\/13\/gi-group-logo-696x696-1.jpg","contentUrl":"https:\/\/ch.gigroup.com\/wp-content\/uploads\/sites\/13\/gi-group-logo-696x696-1.jpg","width":696,"height":696,"caption":"Gi Group temporary and permanent jobs"},{"@type":"BreadcrumbList","@id":"https:\/\/ch.gigroup.com\/current-vacancies\/#breadcrumb","itemListElement":[{"@type":"ListItem","position":1,"name":"Home","item":"https:\/\/ch.gigroup.com\/"},{"@type":"ListItem","position":2,"name":"Offres d&#8217;emploi"}]},{"@type":"WebSite","@id":"https:\/\/ch.gigroup.com\/#website","url":"https:\/\/ch.gigroup.com\/","name":"Gi Group Switzerland","description":"Temporary and Permanent staffing","potentialAction":[{"@type":"SearchAction","target":{"@type":"EntryPoint","urlTemplate":"https:\/\/ch.gigroup.com\/?s={search_term_string}"},"query-input":{"@type":"PropertyValueSpecification","valueRequired":true,"valueName":"search_term_string"}}],"inLanguage":"fr-FR"}]}},"_links":{"self":[{"href":"https:\/\/ch.gigroup.com\/fr\/wp-json\/wp\/v2\/pages\/4230","targetHints":{"allow":["GET"]}}],"collection":[{"href":"https:\/\/ch.gigroup.com\/fr\/wp-json\/wp\/v2\/pages"}],"about":[{"href":"https:\/\/ch.gigroup.com\/fr\/wp-json\/wp\/v2\/types\/page"}],"author":[{"embeddable":true,"href":"https:\/\/ch.gigroup.com\/fr\/wp-json\/wp\/v2\/users\/1"}],"replies":[{"embeddable":true,"href":"https:\/\/ch.gigroup.com\/fr\/wp-json\/wp\/v2\/comments?post=4230"}],"version-history":[{"count":7,"href":"https:\/\/ch.gigroup.com\/fr\/wp-json\/wp\/v2\/pages\/4230\/revisions"}],"predecessor-version":[{"id":5530,"href":"https:\/\/ch.gigroup.com\/fr\/wp-json\/wp\/v2\/pages\/4230\/revisions\/5530"}],"wp:featuredmedia":[{"embeddable":true,"href":"https:\/\/ch.gigroup.com\/fr\/wp-json\/wp\/v2\/media\/4231"}],"wp:attachment":[{"href":"https:\/\/ch.gigroup.com\/fr\/wp-json\/wp\/v2\/media?parent=4230"}],"curies":[{"name":"wp","href":"https:\/\/api.w.org\/{rel}","templated":true}]}}