{"id":4409,"date":"2025-06-13T17:02:27","date_gmt":"2025-06-13T15:02:27","guid":{"rendered":"https:\/\/ch.gigroup.com\/pour-employeurs\/giconstruction-candidates\/"},"modified":"2025-06-25T18:11:22","modified_gmt":"2025-06-25T16:11:22","slug":"giconstruction-candidats","status":"publish","type":"page","link":"https:\/\/ch.gigroup.com\/fr\/candidats\/giconstruction-candidats\/","title":{"rendered":"Gi Group Construction pour les candidats"},"content":{"rendered":"","protected":false},"excerpt":{"rendered":"","protected":false},"author":1,"featured_media":0,"parent":6680,"menu_order":0,"comment_status":"closed","ping_status":"closed","template":"","meta":{"footnotes":""},"class_list":["post-4409","page","type-page","status-publish","hentry"],"yoast_head":"<!-- This site is optimized with the Yoast SEO Premium plugin v27.4 (Yoast SEO v27.4) - https:\/\/yoast.com\/product\/yoast-seo-premium-wordpress\/ -->\n<title>Gi Group Construction: Offres d&#039;emploi pour le secteur de la construction - Gi Group Suisse<\/title>\n<meta name=\"description\" content=\"Nous identifions des opportunit\u00e9s de travail int\u00e9ressantes dans le secteur de la construction. Avec plus de 30 ans d&#039;exp\u00e9rience, nous t&#039;aidons \u00e0 franchir la prochaine \u00e9tape, que tu souhaites commencer ou changer de carri\u00e8re.\" \/>\n<meta name=\"robots\" content=\"index, follow, max-snippet:-1, max-image-preview:large, max-video-preview:-1\" \/>\n<link rel=\"canonical\" href=\"https:\/\/ch.gigroup.com\/fr\/candidats\/giconstruction-candidats\/\" \/>\n<meta property=\"og:locale\" content=\"fr_FR\" \/>\n<meta property=\"og:type\" content=\"article\" \/>\n<meta property=\"og:title\" content=\"Gi Group Construction pour les candidats\" \/>\n<meta property=\"og:description\" content=\"Nous identifions des opportunit\u00e9s de travail int\u00e9ressantes dans le secteur de la construction. Avec plus de 30 ans d&#039;exp\u00e9rience, nous t&#039;aidons \u00e0 franchir la prochaine \u00e9tape, que tu souhaites commencer ou changer de carri\u00e8re.\" \/>\n<meta property=\"og:url\" content=\"https:\/\/ch.gigroup.com\/fr\/candidats\/giconstruction-candidats\/\" \/>\n<meta property=\"og:site_name\" content=\"Gi Group Switzerland\" \/>\n<meta property=\"article:modified_time\" content=\"2025-06-25T16:11:22+00:00\" \/>\n<meta name=\"twitter:card\" content=\"summary_large_image\" \/>\n<script type=\"application\/ld+json\" class=\"yoast-schema-graph\">{\"@context\":\"https:\\\/\\\/schema.org\",\"@graph\":[{\"@type\":\"WebPage\",\"@id\":\"https:\\\/\\\/ch.gigroup.com\\\/fr\\\/candidats\\\/giconstruction-candidats\\\/\",\"url\":\"https:\\\/\\\/ch.gigroup.com\\\/fr\\\/candidats\\\/giconstruction-candidats\\\/\",\"name\":\"Gi Group Construction: Offres d'emploi pour le secteur de la construction - Gi Group Suisse\",\"isPartOf\":{\"@id\":\"https:\\\/\\\/ch.gigroup.com\\\/#website\"},\"datePublished\":\"2025-06-13T15:02:27+00:00\",\"dateModified\":\"2025-06-25T16:11:22+00:00\",\"description\":\"Nous identifions des opportunit\u00e9s de travail int\u00e9ressantes dans le secteur de la construction. Avec plus de 30 ans d'exp\u00e9rience, nous t'aidons \u00e0 franchir la prochaine \u00e9tape, que tu souhaites commencer ou changer de carri\u00e8re.\",\"breadcrumb\":{\"@id\":\"https:\\\/\\\/ch.gigroup.com\\\/fr\\\/candidats\\\/giconstruction-candidats\\\/#breadcrumb\"},\"inLanguage\":\"fr-FR\",\"potentialAction\":[{\"@type\":\"ReadAction\",\"target\":[\"https:\\\/\\\/ch.gigroup.com\\\/fr\\\/candidats\\\/giconstruction-candidats\\\/\"]}]},{\"@type\":\"BreadcrumbList\",\"@id\":\"https:\\\/\\\/ch.gigroup.com\\\/fr\\\/candidats\\\/giconstruction-candidats\\\/#breadcrumb\",\"itemListElement\":[{\"@type\":\"ListItem\",\"position\":1,\"name\":\"Home\",\"item\":\"https:\\\/\\\/ch.gigroup.com\\\/\"},{\"@type\":\"ListItem\",\"position\":2,\"name\":\"Candidats\",\"item\":\"https:\\\/\\\/ch.gigroup.com\\\/fr\\\/candidats\\\/\"},{\"@type\":\"ListItem\",\"position\":3,\"name\":\"Gi Group Construction pour les candidats\"}]},{\"@type\":\"WebSite\",\"@id\":\"https:\\\/\\\/ch.gigroup.com\\\/#website\",\"url\":\"https:\\\/\\\/ch.gigroup.com\\\/\",\"name\":\"Gi Group Switzerland\",\"description\":\"Temporary and Permanent staffing\",\"potentialAction\":[{\"@type\":\"SearchAction\",\"target\":{\"@type\":\"EntryPoint\",\"urlTemplate\":\"https:\\\/\\\/ch.gigroup.com\\\/?s={search_term_string}\"},\"query-input\":{\"@type\":\"PropertyValueSpecification\",\"valueRequired\":true,\"valueName\":\"search_term_string\"}}],\"inLanguage\":\"fr-FR\"}]}<\/script>\n<!-- \/ Yoast SEO Premium plugin. -->","yoast_head_json":{"title":"Gi Group Construction: Offres d'emploi pour le secteur de la construction - Gi Group Suisse","description":"Nous identifions des opportunit\u00e9s de travail int\u00e9ressantes dans le secteur de la construction. Avec plus de 30 ans d'exp\u00e9rience, nous t'aidons \u00e0 franchir la prochaine \u00e9tape, que tu souhaites commencer ou changer de carri\u00e8re.","robots":{"index":"index","follow":"follow","max-snippet":"max-snippet:-1","max-image-preview":"max-image-preview:large","max-video-preview":"max-video-preview:-1"},"canonical":"https:\/\/ch.gigroup.com\/fr\/candidats\/giconstruction-candidats\/","og_locale":"fr_FR","og_type":"article","og_title":"Gi Group Construction pour les candidats","og_description":"Nous identifions des opportunit\u00e9s de travail int\u00e9ressantes dans le secteur de la construction. Avec plus de 30 ans d'exp\u00e9rience, nous t'aidons \u00e0 franchir la prochaine \u00e9tape, que tu souhaites commencer ou changer de carri\u00e8re.","og_url":"https:\/\/ch.gigroup.com\/fr\/candidats\/giconstruction-candidats\/","og_site_name":"Gi Group Switzerland","article_modified_time":"2025-06-25T16:11:22+00:00","twitter_card":"summary_large_image","schema":{"@context":"https:\/\/schema.org","@graph":[{"@type":"WebPage","@id":"https:\/\/ch.gigroup.com\/fr\/candidats\/giconstruction-candidats\/","url":"https:\/\/ch.gigroup.com\/fr\/candidats\/giconstruction-candidats\/","name":"Gi Group Construction: Offres d'emploi pour le secteur de la construction - Gi Group Suisse","isPartOf":{"@id":"https:\/\/ch.gigroup.com\/#website"},"datePublished":"2025-06-13T15:02:27+00:00","dateModified":"2025-06-25T16:11:22+00:00","description":"Nous identifions des opportunit\u00e9s de travail int\u00e9ressantes dans le secteur de la construction. Avec plus de 30 ans d'exp\u00e9rience, nous t'aidons \u00e0 franchir la prochaine \u00e9tape, que tu souhaites commencer ou changer de carri\u00e8re.","breadcrumb":{"@id":"https:\/\/ch.gigroup.com\/fr\/candidats\/giconstruction-candidats\/#breadcrumb"},"inLanguage":"fr-FR","potentialAction":[{"@type":"ReadAction","target":["https:\/\/ch.gigroup.com\/fr\/candidats\/giconstruction-candidats\/"]}]},{"@type":"BreadcrumbList","@id":"https:\/\/ch.gigroup.com\/fr\/candidats\/giconstruction-candidats\/#breadcrumb","itemListElement":[{"@type":"ListItem","position":1,"name":"Home","item":"https:\/\/ch.gigroup.com\/"},{"@type":"ListItem","position":2,"name":"Candidats","item":"https:\/\/ch.gigroup.com\/fr\/candidats\/"},{"@type":"ListItem","position":3,"name":"Gi Group Construction pour les candidats"}]},{"@type":"WebSite","@id":"https:\/\/ch.gigroup.com\/#website","url":"https:\/\/ch.gigroup.com\/","name":"Gi Group Switzerland","description":"Temporary and Permanent staffing","potentialAction":[{"@type":"SearchAction","target":{"@type":"EntryPoint","urlTemplate":"https:\/\/ch.gigroup.com\/?s={search_term_string}"},"query-input":{"@type":"PropertyValueSpecification","valueRequired":true,"valueName":"search_term_string"}}],"inLanguage":"fr-FR"}]}},"_links":{"self":[{"href":"https:\/\/ch.gigroup.com\/fr\/wp-json\/wp\/v2\/pages\/4409","targetHints":{"allow":["GET"]}}],"collection":[{"href":"https:\/\/ch.gigroup.com\/fr\/wp-json\/wp\/v2\/pages"}],"about":[{"href":"https:\/\/ch.gigroup.com\/fr\/wp-json\/wp\/v2\/types\/page"}],"author":[{"embeddable":true,"href":"https:\/\/ch.gigroup.com\/fr\/wp-json\/wp\/v2\/users\/1"}],"replies":[{"embeddable":true,"href":"https:\/\/ch.gigroup.com\/fr\/wp-json\/wp\/v2\/comments?post=4409"}],"version-history":[{"count":8,"href":"https:\/\/ch.gigroup.com\/fr\/wp-json\/wp\/v2\/pages\/4409\/revisions"}],"predecessor-version":[{"id":5048,"href":"https:\/\/ch.gigroup.com\/fr\/wp-json\/wp\/v2\/pages\/4409\/revisions\/5048"}],"up":[{"embeddable":true,"href":"https:\/\/ch.gigroup.com\/fr\/wp-json\/wp\/v2\/pages\/6680"}],"wp:attachment":[{"href":"https:\/\/ch.gigroup.com\/fr\/wp-json\/wp\/v2\/media?parent=4409"}],"curies":[{"name":"wp","href":"https:\/\/api.w.org\/{rel}","templated":true}]}}