{"id":4427,"date":"2025-06-13T15:32:51","date_gmt":"2025-06-13T13:32:51","guid":{"rendered":"https:\/\/ch.gigroup.com\/pour-employeurs\/gilogistics-candidates\/"},"modified":"2025-06-25T18:11:57","modified_gmt":"2025-06-25T16:11:57","slug":"gilogistique-candidats","status":"publish","type":"page","link":"https:\/\/ch.gigroup.com\/fr\/candidats\/gilogistique-candidats\/","title":{"rendered":"Gi Group Logistics pour les candidats"},"content":{"rendered":"","protected":false},"excerpt":{"rendered":"","protected":false},"author":1,"featured_media":4428,"parent":6680,"menu_order":0,"comment_status":"closed","ping_status":"closed","template":"","meta":{"footnotes":""},"class_list":["post-4427","page","type-page","status-publish","has-post-thumbnail","hentry"],"yoast_head":"<!-- This site is optimized with the Yoast SEO Premium plugin v27.4 (Yoast SEO v27.4) - https:\/\/yoast.com\/product\/yoast-seo-premium-wordpress\/ -->\n<title>Gi Group Logistics: Offres d&#039;emploi pour le secteur de la logistique - Gi Group Suisse<\/title>\n<meta name=\"description\" content=\"Nous identifions des opportunit\u00e9s de travail int\u00e9ressantes dans le domaine de la logistique. Avec plus de 30 ans d&#039;exp\u00e9rience, nous sommes en mesure de t&#039;aider \u00e0 franchir la prochaine \u00e9tape, que tu veuilles commencer ou changer de carri\u00e8re.\" \/>\n<meta name=\"robots\" content=\"index, follow, max-snippet:-1, max-image-preview:large, max-video-preview:-1\" \/>\n<link rel=\"canonical\" href=\"https:\/\/ch.gigroup.com\/fr\/candidats\/gilogistique-candidats\/\" \/>\n<meta property=\"og:locale\" content=\"fr_FR\" \/>\n<meta property=\"og:type\" content=\"article\" \/>\n<meta property=\"og:title\" content=\"Gi Group Logistics pour les candidats\" \/>\n<meta property=\"og:description\" content=\"Nous identifions des opportunit\u00e9s de travail int\u00e9ressantes dans le domaine de la logistique. Avec plus de 30 ans d&#039;exp\u00e9rience, nous sommes en mesure de t&#039;aider \u00e0 franchir la prochaine \u00e9tape, que tu veuilles commencer ou changer de carri\u00e8re.\" \/>\n<meta property=\"og:url\" content=\"https:\/\/ch.gigroup.com\/fr\/candidats\/gilogistique-candidats\/\" \/>\n<meta property=\"og:site_name\" content=\"Gi Group Switzerland\" \/>\n<meta property=\"article:modified_time\" content=\"2025-06-25T16:11:57+00:00\" \/>\n<meta property=\"og:image\" content=\"https:\/\/ch.gigroup.com\/wp-content\/uploads\/sites\/13\/experienced-delivery-driver.webp\" \/>\n\t<meta property=\"og:image:width\" content=\"900\" \/>\n\t<meta property=\"og:image:height\" content=\"600\" \/>\n\t<meta property=\"og:image:type\" content=\"image\/webp\" \/>\n<meta name=\"twitter:card\" content=\"summary_large_image\" \/>\n<script type=\"application\/ld+json\" class=\"yoast-schema-graph\">{\"@context\":\"https:\\\/\\\/schema.org\",\"@graph\":[{\"@type\":\"WebPage\",\"@id\":\"https:\\\/\\\/ch.gigroup.com\\\/fr\\\/candidats\\\/gilogistique-candidats\\\/\",\"url\":\"https:\\\/\\\/ch.gigroup.com\\\/fr\\\/candidats\\\/gilogistique-candidats\\\/\",\"name\":\"Gi Group Logistics: Offres d'emploi pour le secteur de la logistique - Gi Group Suisse\",\"isPartOf\":{\"@id\":\"https:\\\/\\\/ch.gigroup.com\\\/#website\"},\"primaryImageOfPage\":{\"@id\":\"https:\\\/\\\/ch.gigroup.com\\\/fr\\\/candidats\\\/gilogistique-candidats\\\/#primaryimage\"},\"image\":{\"@id\":\"https:\\\/\\\/ch.gigroup.com\\\/fr\\\/candidats\\\/gilogistique-candidats\\\/#primaryimage\"},\"thumbnailUrl\":\"https:\\\/\\\/ch.gigroup.com\\\/wp-content\\\/uploads\\\/sites\\\/13\\\/experienced-delivery-driver.webp\",\"datePublished\":\"2025-06-13T13:32:51+00:00\",\"dateModified\":\"2025-06-25T16:11:57+00:00\",\"description\":\"Nous identifions des opportunit\u00e9s de travail int\u00e9ressantes dans le domaine de la logistique. Avec plus de 30 ans d'exp\u00e9rience, nous sommes en mesure de t'aider \u00e0 franchir la prochaine \u00e9tape, que tu veuilles commencer ou changer de carri\u00e8re.\",\"breadcrumb\":{\"@id\":\"https:\\\/\\\/ch.gigroup.com\\\/fr\\\/candidats\\\/gilogistique-candidats\\\/#breadcrumb\"},\"inLanguage\":\"fr-FR\",\"potentialAction\":[{\"@type\":\"ReadAction\",\"target\":[\"https:\\\/\\\/ch.gigroup.com\\\/fr\\\/candidats\\\/gilogistique-candidats\\\/\"]}]},{\"@type\":\"ImageObject\",\"inLanguage\":\"fr-FR\",\"@id\":\"https:\\\/\\\/ch.gigroup.com\\\/fr\\\/candidats\\\/gilogistique-candidats\\\/#primaryimage\",\"url\":\"https:\\\/\\\/ch.gigroup.com\\\/wp-content\\\/uploads\\\/sites\\\/13\\\/experienced-delivery-driver.webp\",\"contentUrl\":\"https:\\\/\\\/ch.gigroup.com\\\/wp-content\\\/uploads\\\/sites\\\/13\\\/experienced-delivery-driver.webp\",\"width\":900,\"height\":600,\"caption\":\"chauffeur-livreur exp\u00e9riment\u00e9\"},{\"@type\":\"BreadcrumbList\",\"@id\":\"https:\\\/\\\/ch.gigroup.com\\\/fr\\\/candidats\\\/gilogistique-candidats\\\/#breadcrumb\",\"itemListElement\":[{\"@type\":\"ListItem\",\"position\":1,\"name\":\"Home\",\"item\":\"https:\\\/\\\/ch.gigroup.com\\\/\"},{\"@type\":\"ListItem\",\"position\":2,\"name\":\"Candidats\",\"item\":\"https:\\\/\\\/ch.gigroup.com\\\/fr\\\/candidats\\\/\"},{\"@type\":\"ListItem\",\"position\":3,\"name\":\"Gi Group Logistics pour les candidats\"}]},{\"@type\":\"WebSite\",\"@id\":\"https:\\\/\\\/ch.gigroup.com\\\/#website\",\"url\":\"https:\\\/\\\/ch.gigroup.com\\\/\",\"name\":\"Gi Group Switzerland\",\"description\":\"Temporary and Permanent staffing\",\"potentialAction\":[{\"@type\":\"SearchAction\",\"target\":{\"@type\":\"EntryPoint\",\"urlTemplate\":\"https:\\\/\\\/ch.gigroup.com\\\/?s={search_term_string}\"},\"query-input\":{\"@type\":\"PropertyValueSpecification\",\"valueRequired\":true,\"valueName\":\"search_term_string\"}}],\"inLanguage\":\"fr-FR\"}]}<\/script>\n<!-- \/ Yoast SEO Premium plugin. -->","yoast_head_json":{"title":"Gi Group Logistics: Offres d'emploi pour le secteur de la logistique - Gi Group Suisse","description":"Nous identifions des opportunit\u00e9s de travail int\u00e9ressantes dans le domaine de la logistique. Avec plus de 30 ans d'exp\u00e9rience, nous sommes en mesure de t'aider \u00e0 franchir la prochaine \u00e9tape, que tu veuilles commencer ou changer de carri\u00e8re.","robots":{"index":"index","follow":"follow","max-snippet":"max-snippet:-1","max-image-preview":"max-image-preview:large","max-video-preview":"max-video-preview:-1"},"canonical":"https:\/\/ch.gigroup.com\/fr\/candidats\/gilogistique-candidats\/","og_locale":"fr_FR","og_type":"article","og_title":"Gi Group Logistics pour les candidats","og_description":"Nous identifions des opportunit\u00e9s de travail int\u00e9ressantes dans le domaine de la logistique. Avec plus de 30 ans d'exp\u00e9rience, nous sommes en mesure de t'aider \u00e0 franchir la prochaine \u00e9tape, que tu veuilles commencer ou changer de carri\u00e8re.","og_url":"https:\/\/ch.gigroup.com\/fr\/candidats\/gilogistique-candidats\/","og_site_name":"Gi Group Switzerland","article_modified_time":"2025-06-25T16:11:57+00:00","og_image":[{"width":900,"height":600,"url":"https:\/\/ch.gigroup.com\/wp-content\/uploads\/sites\/13\/experienced-delivery-driver.webp","type":"image\/webp"}],"twitter_card":"summary_large_image","schema":{"@context":"https:\/\/schema.org","@graph":[{"@type":"WebPage","@id":"https:\/\/ch.gigroup.com\/fr\/candidats\/gilogistique-candidats\/","url":"https:\/\/ch.gigroup.com\/fr\/candidats\/gilogistique-candidats\/","name":"Gi Group Logistics: Offres d'emploi pour le secteur de la logistique - Gi Group Suisse","isPartOf":{"@id":"https:\/\/ch.gigroup.com\/#website"},"primaryImageOfPage":{"@id":"https:\/\/ch.gigroup.com\/fr\/candidats\/gilogistique-candidats\/#primaryimage"},"image":{"@id":"https:\/\/ch.gigroup.com\/fr\/candidats\/gilogistique-candidats\/#primaryimage"},"thumbnailUrl":"https:\/\/ch.gigroup.com\/wp-content\/uploads\/sites\/13\/experienced-delivery-driver.webp","datePublished":"2025-06-13T13:32:51+00:00","dateModified":"2025-06-25T16:11:57+00:00","description":"Nous identifions des opportunit\u00e9s de travail int\u00e9ressantes dans le domaine de la logistique. Avec plus de 30 ans d'exp\u00e9rience, nous sommes en mesure de t'aider \u00e0 franchir la prochaine \u00e9tape, que tu veuilles commencer ou changer de carri\u00e8re.","breadcrumb":{"@id":"https:\/\/ch.gigroup.com\/fr\/candidats\/gilogistique-candidats\/#breadcrumb"},"inLanguage":"fr-FR","potentialAction":[{"@type":"ReadAction","target":["https:\/\/ch.gigroup.com\/fr\/candidats\/gilogistique-candidats\/"]}]},{"@type":"ImageObject","inLanguage":"fr-FR","@id":"https:\/\/ch.gigroup.com\/fr\/candidats\/gilogistique-candidats\/#primaryimage","url":"https:\/\/ch.gigroup.com\/wp-content\/uploads\/sites\/13\/experienced-delivery-driver.webp","contentUrl":"https:\/\/ch.gigroup.com\/wp-content\/uploads\/sites\/13\/experienced-delivery-driver.webp","width":900,"height":600,"caption":"chauffeur-livreur exp\u00e9riment\u00e9"},{"@type":"BreadcrumbList","@id":"https:\/\/ch.gigroup.com\/fr\/candidats\/gilogistique-candidats\/#breadcrumb","itemListElement":[{"@type":"ListItem","position":1,"name":"Home","item":"https:\/\/ch.gigroup.com\/"},{"@type":"ListItem","position":2,"name":"Candidats","item":"https:\/\/ch.gigroup.com\/fr\/candidats\/"},{"@type":"ListItem","position":3,"name":"Gi Group Logistics pour les candidats"}]},{"@type":"WebSite","@id":"https:\/\/ch.gigroup.com\/#website","url":"https:\/\/ch.gigroup.com\/","name":"Gi Group Switzerland","description":"Temporary and Permanent staffing","potentialAction":[{"@type":"SearchAction","target":{"@type":"EntryPoint","urlTemplate":"https:\/\/ch.gigroup.com\/?s={search_term_string}"},"query-input":{"@type":"PropertyValueSpecification","valueRequired":true,"valueName":"search_term_string"}}],"inLanguage":"fr-FR"}]}},"_links":{"self":[{"href":"https:\/\/ch.gigroup.com\/fr\/wp-json\/wp\/v2\/pages\/4427","targetHints":{"allow":["GET"]}}],"collection":[{"href":"https:\/\/ch.gigroup.com\/fr\/wp-json\/wp\/v2\/pages"}],"about":[{"href":"https:\/\/ch.gigroup.com\/fr\/wp-json\/wp\/v2\/types\/page"}],"author":[{"embeddable":true,"href":"https:\/\/ch.gigroup.com\/fr\/wp-json\/wp\/v2\/users\/1"}],"replies":[{"embeddable":true,"href":"https:\/\/ch.gigroup.com\/fr\/wp-json\/wp\/v2\/comments?post=4427"}],"version-history":[{"count":6,"href":"https:\/\/ch.gigroup.com\/fr\/wp-json\/wp\/v2\/pages\/4427\/revisions"}],"predecessor-version":[{"id":5049,"href":"https:\/\/ch.gigroup.com\/fr\/wp-json\/wp\/v2\/pages\/4427\/revisions\/5049"}],"up":[{"embeddable":true,"href":"https:\/\/ch.gigroup.com\/fr\/wp-json\/wp\/v2\/pages\/6680"}],"wp:featuredmedia":[{"embeddable":true,"href":"https:\/\/ch.gigroup.com\/fr\/wp-json\/wp\/v2\/media\/4428"}],"wp:attachment":[{"href":"https:\/\/ch.gigroup.com\/fr\/wp-json\/wp\/v2\/media?parent=4427"}],"curies":[{"name":"wp","href":"https:\/\/api.w.org\/{rel}","templated":true}]}}