{"id":4498,"date":"2025-01-21T10:16:37","date_gmt":"2025-01-21T09:16:37","guid":{"rendered":"https:\/\/ch.gigroup.com\/pour-employeurs\/gilifesciences-candidates\/"},"modified":"2025-12-04T13:09:45","modified_gmt":"2025-12-04T12:09:45","slug":"gilifesciences-candidates","status":"publish","type":"page","link":"https:\/\/ch.gigroup.com\/fr\/candidats\/gilifesciences-candidates\/","title":{"rendered":"Gi Life Sciences pour les candidats"},"content":{"rendered":"","protected":false},"excerpt":{"rendered":"","protected":false},"author":1,"featured_media":4499,"parent":6680,"menu_order":0,"comment_status":"closed","ping_status":"closed","template":"","meta":{"footnotes":""},"class_list":["post-4498","page","type-page","status-publish","has-post-thumbnail","hentry"],"yoast_head":"<!-- This site is optimized with the Yoast SEO Premium plugin v27.4 (Yoast SEO v27.4) - https:\/\/yoast.com\/product\/yoast-seo-premium-wordpress\/ -->\n<title>Gi Life Sciences: Offres d&#039;emploi dans le secteur des Life Sciences - Gi Group Suisse<\/title>\n<meta name=\"description\" content=\"Nous identifions des offres d&#039;emploi int\u00e9ressantes dans le secteur des Life Sciences. Nous mettons \u00e0 profit notre exp\u00e9rience de plus de 30 ans et notre connaissance sp\u00e9cialis\u00e9e du secteur pour faciliter ta recherche d&#039;emploi dans les secteurs de la pharmacie, de la biotechnologie, de la chimie, des dispositifs m\u00e9dicaux et optiques.\" \/>\n<meta name=\"robots\" content=\"index, follow, max-snippet:-1, max-image-preview:large, max-video-preview:-1\" \/>\n<link rel=\"canonical\" href=\"https:\/\/ch.gigroup.com\/fr\/candidats\/gilifesciences-candidates\/\" \/>\n<meta property=\"og:locale\" content=\"fr_FR\" \/>\n<meta property=\"og:type\" content=\"article\" \/>\n<meta property=\"og:title\" content=\"Gi Life Sciences pour les candidats\" \/>\n<meta property=\"og:description\" content=\"Nous identifions des offres d&#039;emploi int\u00e9ressantes dans le secteur des Life Sciences. Nous mettons \u00e0 profit notre exp\u00e9rience de plus de 30 ans et notre connaissance sp\u00e9cialis\u00e9e du secteur pour faciliter ta recherche d&#039;emploi dans les secteurs de la pharmacie, de la biotechnologie, de la chimie, des dispositifs m\u00e9dicaux et optiques.\" \/>\n<meta property=\"og:url\" content=\"https:\/\/ch.gigroup.com\/fr\/candidats\/gilifesciences-candidates\/\" \/>\n<meta property=\"og:site_name\" content=\"Gi Group Switzerland\" \/>\n<meta property=\"article:modified_time\" content=\"2025-12-04T12:09:45+00:00\" \/>\n<meta property=\"og:image\" content=\"https:\/\/ch.gigroup.com\/wp-content\/uploads\/sites\/13\/header-gi-life-science-b2c.webp\" \/>\n\t<meta property=\"og:image:width\" content=\"900\" \/>\n\t<meta property=\"og:image:height\" content=\"600\" \/>\n\t<meta property=\"og:image:type\" content=\"image\/webp\" \/>\n<meta name=\"twitter:card\" content=\"summary_large_image\" \/>\n<script type=\"application\/ld+json\" class=\"yoast-schema-graph\">{\"@context\":\"https:\\\/\\\/schema.org\",\"@graph\":[{\"@type\":\"WebPage\",\"@id\":\"https:\\\/\\\/ch.gigroup.com\\\/fr\\\/candidats\\\/gilifesciences-candidates\\\/\",\"url\":\"https:\\\/\\\/ch.gigroup.com\\\/fr\\\/candidats\\\/gilifesciences-candidates\\\/\",\"name\":\"Gi Life Sciences: Offres d'emploi dans le secteur des Life Sciences - Gi Group Suisse\",\"isPartOf\":{\"@id\":\"https:\\\/\\\/ch.gigroup.com\\\/#website\"},\"primaryImageOfPage\":{\"@id\":\"https:\\\/\\\/ch.gigroup.com\\\/fr\\\/candidats\\\/gilifesciences-candidates\\\/#primaryimage\"},\"image\":{\"@id\":\"https:\\\/\\\/ch.gigroup.com\\\/fr\\\/candidats\\\/gilifesciences-candidates\\\/#primaryimage\"},\"thumbnailUrl\":\"https:\\\/\\\/ch.gigroup.com\\\/wp-content\\\/uploads\\\/sites\\\/13\\\/header-gi-life-science-b2c.webp\",\"datePublished\":\"2025-01-21T09:16:37+00:00\",\"dateModified\":\"2025-12-04T12:09:45+00:00\",\"description\":\"Nous identifions des offres d'emploi int\u00e9ressantes dans le secteur des Life Sciences. Nous mettons \u00e0 profit notre exp\u00e9rience de plus de 30 ans et notre connaissance sp\u00e9cialis\u00e9e du secteur pour faciliter ta recherche d'emploi dans les secteurs de la pharmacie, de la biotechnologie, de la chimie, des dispositifs m\u00e9dicaux et optiques.\",\"breadcrumb\":{\"@id\":\"https:\\\/\\\/ch.gigroup.com\\\/fr\\\/candidats\\\/gilifesciences-candidates\\\/#breadcrumb\"},\"inLanguage\":\"fr-FR\",\"potentialAction\":[{\"@type\":\"ReadAction\",\"target\":[\"https:\\\/\\\/ch.gigroup.com\\\/fr\\\/candidats\\\/gilifesciences-candidates\\\/\"]}]},{\"@type\":\"ImageObject\",\"inLanguage\":\"fr-FR\",\"@id\":\"https:\\\/\\\/ch.gigroup.com\\\/fr\\\/candidats\\\/gilifesciences-candidates\\\/#primaryimage\",\"url\":\"https:\\\/\\\/ch.gigroup.com\\\/wp-content\\\/uploads\\\/sites\\\/13\\\/header-gi-life-science-b2c.webp\",\"contentUrl\":\"https:\\\/\\\/ch.gigroup.com\\\/wp-content\\\/uploads\\\/sites\\\/13\\\/header-gi-life-science-b2c.webp\",\"width\":900,\"height\":600,\"caption\":\"Gi Life Science\"},{\"@type\":\"BreadcrumbList\",\"@id\":\"https:\\\/\\\/ch.gigroup.com\\\/fr\\\/candidats\\\/gilifesciences-candidates\\\/#breadcrumb\",\"itemListElement\":[{\"@type\":\"ListItem\",\"position\":1,\"name\":\"Home\",\"item\":\"https:\\\/\\\/ch.gigroup.com\\\/\"},{\"@type\":\"ListItem\",\"position\":2,\"name\":\"Candidats\",\"item\":\"https:\\\/\\\/ch.gigroup.com\\\/fr\\\/candidats\\\/\"},{\"@type\":\"ListItem\",\"position\":3,\"name\":\"Gi Life Sciences pour les candidats\"}]},{\"@type\":\"WebSite\",\"@id\":\"https:\\\/\\\/ch.gigroup.com\\\/#website\",\"url\":\"https:\\\/\\\/ch.gigroup.com\\\/\",\"name\":\"Gi Group Switzerland\",\"description\":\"Temporary and Permanent staffing\",\"potentialAction\":[{\"@type\":\"SearchAction\",\"target\":{\"@type\":\"EntryPoint\",\"urlTemplate\":\"https:\\\/\\\/ch.gigroup.com\\\/?s={search_term_string}\"},\"query-input\":{\"@type\":\"PropertyValueSpecification\",\"valueRequired\":true,\"valueName\":\"search_term_string\"}}],\"inLanguage\":\"fr-FR\"}]}<\/script>\n<!-- \/ Yoast SEO Premium plugin. -->","yoast_head_json":{"title":"Gi Life Sciences: Offres d'emploi dans le secteur des Life Sciences - Gi Group Suisse","description":"Nous identifions des offres d'emploi int\u00e9ressantes dans le secteur des Life Sciences. Nous mettons \u00e0 profit notre exp\u00e9rience de plus de 30 ans et notre connaissance sp\u00e9cialis\u00e9e du secteur pour faciliter ta recherche d'emploi dans les secteurs de la pharmacie, de la biotechnologie, de la chimie, des dispositifs m\u00e9dicaux et optiques.","robots":{"index":"index","follow":"follow","max-snippet":"max-snippet:-1","max-image-preview":"max-image-preview:large","max-video-preview":"max-video-preview:-1"},"canonical":"https:\/\/ch.gigroup.com\/fr\/candidats\/gilifesciences-candidates\/","og_locale":"fr_FR","og_type":"article","og_title":"Gi Life Sciences pour les candidats","og_description":"Nous identifions des offres d'emploi int\u00e9ressantes dans le secteur des Life Sciences. Nous mettons \u00e0 profit notre exp\u00e9rience de plus de 30 ans et notre connaissance sp\u00e9cialis\u00e9e du secteur pour faciliter ta recherche d'emploi dans les secteurs de la pharmacie, de la biotechnologie, de la chimie, des dispositifs m\u00e9dicaux et optiques.","og_url":"https:\/\/ch.gigroup.com\/fr\/candidats\/gilifesciences-candidates\/","og_site_name":"Gi Group Switzerland","article_modified_time":"2025-12-04T12:09:45+00:00","og_image":[{"width":900,"height":600,"url":"https:\/\/ch.gigroup.com\/wp-content\/uploads\/sites\/13\/header-gi-life-science-b2c.webp","type":"image\/webp"}],"twitter_card":"summary_large_image","schema":{"@context":"https:\/\/schema.org","@graph":[{"@type":"WebPage","@id":"https:\/\/ch.gigroup.com\/fr\/candidats\/gilifesciences-candidates\/","url":"https:\/\/ch.gigroup.com\/fr\/candidats\/gilifesciences-candidates\/","name":"Gi Life Sciences: Offres d'emploi dans le secteur des Life Sciences - Gi Group Suisse","isPartOf":{"@id":"https:\/\/ch.gigroup.com\/#website"},"primaryImageOfPage":{"@id":"https:\/\/ch.gigroup.com\/fr\/candidats\/gilifesciences-candidates\/#primaryimage"},"image":{"@id":"https:\/\/ch.gigroup.com\/fr\/candidats\/gilifesciences-candidates\/#primaryimage"},"thumbnailUrl":"https:\/\/ch.gigroup.com\/wp-content\/uploads\/sites\/13\/header-gi-life-science-b2c.webp","datePublished":"2025-01-21T09:16:37+00:00","dateModified":"2025-12-04T12:09:45+00:00","description":"Nous identifions des offres d'emploi int\u00e9ressantes dans le secteur des Life Sciences. Nous mettons \u00e0 profit notre exp\u00e9rience de plus de 30 ans et notre connaissance sp\u00e9cialis\u00e9e du secteur pour faciliter ta recherche d'emploi dans les secteurs de la pharmacie, de la biotechnologie, de la chimie, des dispositifs m\u00e9dicaux et optiques.","breadcrumb":{"@id":"https:\/\/ch.gigroup.com\/fr\/candidats\/gilifesciences-candidates\/#breadcrumb"},"inLanguage":"fr-FR","potentialAction":[{"@type":"ReadAction","target":["https:\/\/ch.gigroup.com\/fr\/candidats\/gilifesciences-candidates\/"]}]},{"@type":"ImageObject","inLanguage":"fr-FR","@id":"https:\/\/ch.gigroup.com\/fr\/candidats\/gilifesciences-candidates\/#primaryimage","url":"https:\/\/ch.gigroup.com\/wp-content\/uploads\/sites\/13\/header-gi-life-science-b2c.webp","contentUrl":"https:\/\/ch.gigroup.com\/wp-content\/uploads\/sites\/13\/header-gi-life-science-b2c.webp","width":900,"height":600,"caption":"Gi Life Science"},{"@type":"BreadcrumbList","@id":"https:\/\/ch.gigroup.com\/fr\/candidats\/gilifesciences-candidates\/#breadcrumb","itemListElement":[{"@type":"ListItem","position":1,"name":"Home","item":"https:\/\/ch.gigroup.com\/"},{"@type":"ListItem","position":2,"name":"Candidats","item":"https:\/\/ch.gigroup.com\/fr\/candidats\/"},{"@type":"ListItem","position":3,"name":"Gi Life Sciences pour les candidats"}]},{"@type":"WebSite","@id":"https:\/\/ch.gigroup.com\/#website","url":"https:\/\/ch.gigroup.com\/","name":"Gi Group Switzerland","description":"Temporary and Permanent staffing","potentialAction":[{"@type":"SearchAction","target":{"@type":"EntryPoint","urlTemplate":"https:\/\/ch.gigroup.com\/?s={search_term_string}"},"query-input":{"@type":"PropertyValueSpecification","valueRequired":true,"valueName":"search_term_string"}}],"inLanguage":"fr-FR"}]}},"_links":{"self":[{"href":"https:\/\/ch.gigroup.com\/fr\/wp-json\/wp\/v2\/pages\/4498","targetHints":{"allow":["GET"]}}],"collection":[{"href":"https:\/\/ch.gigroup.com\/fr\/wp-json\/wp\/v2\/pages"}],"about":[{"href":"https:\/\/ch.gigroup.com\/fr\/wp-json\/wp\/v2\/types\/page"}],"author":[{"embeddable":true,"href":"https:\/\/ch.gigroup.com\/fr\/wp-json\/wp\/v2\/users\/1"}],"replies":[{"embeddable":true,"href":"https:\/\/ch.gigroup.com\/fr\/wp-json\/wp\/v2\/comments?post=4498"}],"version-history":[{"count":6,"href":"https:\/\/ch.gigroup.com\/fr\/wp-json\/wp\/v2\/pages\/4498\/revisions"}],"predecessor-version":[{"id":5294,"href":"https:\/\/ch.gigroup.com\/fr\/wp-json\/wp\/v2\/pages\/4498\/revisions\/5294"}],"up":[{"embeddable":true,"href":"https:\/\/ch.gigroup.com\/fr\/wp-json\/wp\/v2\/pages\/6680"}],"wp:featuredmedia":[{"embeddable":true,"href":"https:\/\/ch.gigroup.com\/fr\/wp-json\/wp\/v2\/media\/4499"}],"wp:attachment":[{"href":"https:\/\/ch.gigroup.com\/fr\/wp-json\/wp\/v2\/media?parent=4498"}],"curies":[{"name":"wp","href":"https:\/\/api.w.org\/{rel}","templated":true}]}}