{"id":5539,"date":"2026-02-25T13:25:49","date_gmt":"2026-02-25T12:25:49","guid":{"rendered":"https:\/\/ch.gigroup.com\/careers-at-gi-group-build-your-story\/"},"modified":"2026-04-30T14:39:02","modified_gmt":"2026-04-30T12:39:02","slug":"carrieres-chez-gi-group-construis-ton-histoire","status":"publish","type":"page","link":"https:\/\/ch.gigroup.com\/fr\/a-propos-de-gi-group\/carrieres-chez-gi-group-construis-ton-histoire\/","title":{"rendered":"Carri\u00e8res chez Gi Group \u2013 Construis ton histoire<!--Our Impact-->"},"content":{"rendered":"","protected":false},"excerpt":{"rendered":"","protected":false},"author":1,"featured_media":5398,"parent":4215,"menu_order":0,"comment_status":"closed","ping_status":"closed","template":"","meta":{"footnotes":""},"class_list":["post-5539","page","type-page","status-publish","has-post-thumbnail","hentry"],"yoast_head":"<!-- This site is optimized with the Yoast SEO Premium plugin v27.4 (Yoast SEO v27.4) - https:\/\/yoast.com\/product\/yoast-seo-premium-wordpress\/ -->\n<title>Carri\u00e8res chez Gi Group | Construis ton histoire avec nous<\/title>\n<meta name=\"description\" content=\"Rejoins Gi Group et contribue \u00e0 changer des vies gr\u00e2ce \u00e0 un travail porteur de sens. D\u00e9couvre une culture centr\u00e9e sur l\u2019humain, o\u00f9 passion, d\u00e9veloppement et objectif commun fa\u00e7onnent chaque parcours professionnel.\" \/>\n<meta name=\"robots\" content=\"index, follow, max-snippet:-1, max-image-preview:large, max-video-preview:-1\" \/>\n<link rel=\"canonical\" href=\"https:\/\/ch.gigroup.com\/fr\/a-propos-de-gi-group\/carrieres-chez-gi-group-construis-ton-histoire\/\" \/>\n<meta property=\"og:locale\" content=\"fr_FR\" \/>\n<meta property=\"og:type\" content=\"article\" \/>\n<meta property=\"og:title\" content=\"Carri\u00e8res chez Gi Group \u2013 Construis ton histoire\" \/>\n<meta property=\"og:description\" content=\"Rejoins Gi Group et contribue \u00e0 changer des vies gr\u00e2ce \u00e0 un travail porteur de sens. D\u00e9couvre une culture centr\u00e9e sur l\u2019humain, o\u00f9 passion, d\u00e9veloppement et objectif commun fa\u00e7onnent chaque parcours professionnel.\" \/>\n<meta property=\"og:url\" content=\"https:\/\/ch.gigroup.com\/fr\/a-propos-de-gi-group\/carrieres-chez-gi-group-construis-ton-histoire\/\" \/>\n<meta property=\"og:site_name\" content=\"Gi Group Switzerland\" \/>\n<meta property=\"article:modified_time\" content=\"2026-04-30T12:39:02+00:00\" \/>\n<meta property=\"og:image\" content=\"https:\/\/ch.gigroup.com\/wp-content\/uploads\/sites\/13\/life-changer-worker.webp\" \/>\n\t<meta property=\"og:image:width\" content=\"900\" \/>\n\t<meta property=\"og:image:height\" content=\"600\" \/>\n\t<meta property=\"og:image:type\" content=\"image\/webp\" \/>\n<meta name=\"twitter:card\" content=\"summary_large_image\" \/>\n<script type=\"application\/ld+json\" class=\"yoast-schema-graph\">{\"@context\":\"https:\\\/\\\/schema.org\",\"@graph\":[{\"@type\":\"WebPage\",\"@id\":\"https:\\\/\\\/ch.gigroup.com\\\/fr\\\/a-propos-de-gi-group\\\/carrieres-chez-gi-group-construis-ton-histoire\\\/\",\"url\":\"https:\\\/\\\/ch.gigroup.com\\\/fr\\\/a-propos-de-gi-group\\\/carrieres-chez-gi-group-construis-ton-histoire\\\/\",\"name\":\"Carri\u00e8res chez Gi Group | Construis ton histoire avec nous\",\"isPartOf\":{\"@id\":\"https:\\\/\\\/ch.gigroup.com\\\/#website\"},\"primaryImageOfPage\":{\"@id\":\"https:\\\/\\\/ch.gigroup.com\\\/fr\\\/a-propos-de-gi-group\\\/carrieres-chez-gi-group-construis-ton-histoire\\\/#primaryimage\"},\"image\":{\"@id\":\"https:\\\/\\\/ch.gigroup.com\\\/fr\\\/a-propos-de-gi-group\\\/carrieres-chez-gi-group-construis-ton-histoire\\\/#primaryimage\"},\"thumbnailUrl\":\"https:\\\/\\\/ch.gigroup.com\\\/wp-content\\\/uploads\\\/sites\\\/13\\\/life-changer-worker.webp\",\"datePublished\":\"2026-02-25T12:25:49+00:00\",\"dateModified\":\"2026-04-30T12:39:02+00:00\",\"description\":\"Rejoins Gi Group et contribue \u00e0 changer des vies gr\u00e2ce \u00e0 un travail porteur de sens. D\u00e9couvre une culture centr\u00e9e sur l\u2019humain, o\u00f9 passion, d\u00e9veloppement et objectif commun fa\u00e7onnent chaque parcours professionnel.\",\"breadcrumb\":{\"@id\":\"https:\\\/\\\/ch.gigroup.com\\\/fr\\\/a-propos-de-gi-group\\\/carrieres-chez-gi-group-construis-ton-histoire\\\/#breadcrumb\"},\"inLanguage\":\"fr-FR\",\"potentialAction\":[{\"@type\":\"ReadAction\",\"target\":[\"https:\\\/\\\/ch.gigroup.com\\\/fr\\\/a-propos-de-gi-group\\\/carrieres-chez-gi-group-construis-ton-histoire\\\/\"]}]},{\"@type\":\"ImageObject\",\"inLanguage\":\"fr-FR\",\"@id\":\"https:\\\/\\\/ch.gigroup.com\\\/fr\\\/a-propos-de-gi-group\\\/carrieres-chez-gi-group-construis-ton-histoire\\\/#primaryimage\",\"url\":\"https:\\\/\\\/ch.gigroup.com\\\/wp-content\\\/uploads\\\/sites\\\/13\\\/life-changer-worker.webp\",\"contentUrl\":\"https:\\\/\\\/ch.gigroup.com\\\/wp-content\\\/uploads\\\/sites\\\/13\\\/life-changer-worker.webp\",\"width\":900,\"height\":600,\"caption\":\"life changer worker\"},{\"@type\":\"BreadcrumbList\",\"@id\":\"https:\\\/\\\/ch.gigroup.com\\\/fr\\\/a-propos-de-gi-group\\\/carrieres-chez-gi-group-construis-ton-histoire\\\/#breadcrumb\",\"itemListElement\":[{\"@type\":\"ListItem\",\"position\":1,\"name\":\"Home\",\"item\":\"https:\\\/\\\/ch.gigroup.com\\\/\"},{\"@type\":\"ListItem\",\"position\":2,\"name\":\"\u00c0 propos de Gi Group\",\"item\":\"https:\\\/\\\/ch.gigroup.com\\\/about-gi-group\\\/\"},{\"@type\":\"ListItem\",\"position\":3,\"name\":\"Carri\u00e8res chez Gi Group \u2013 Construis ton histoire\"}]},{\"@type\":\"WebSite\",\"@id\":\"https:\\\/\\\/ch.gigroup.com\\\/#website\",\"url\":\"https:\\\/\\\/ch.gigroup.com\\\/\",\"name\":\"Gi Group Switzerland\",\"description\":\"Temporary and Permanent staffing\",\"potentialAction\":[{\"@type\":\"SearchAction\",\"target\":{\"@type\":\"EntryPoint\",\"urlTemplate\":\"https:\\\/\\\/ch.gigroup.com\\\/?s={search_term_string}\"},\"query-input\":{\"@type\":\"PropertyValueSpecification\",\"valueRequired\":true,\"valueName\":\"search_term_string\"}}],\"inLanguage\":\"fr-FR\"}]}<\/script>\n<!-- \/ Yoast SEO Premium plugin. -->","yoast_head_json":{"title":"Carri\u00e8res chez Gi Group | Construis ton histoire avec nous","description":"Rejoins Gi Group et contribue \u00e0 changer des vies gr\u00e2ce \u00e0 un travail porteur de sens. D\u00e9couvre une culture centr\u00e9e sur l\u2019humain, o\u00f9 passion, d\u00e9veloppement et objectif commun fa\u00e7onnent chaque parcours professionnel.","robots":{"index":"index","follow":"follow","max-snippet":"max-snippet:-1","max-image-preview":"max-image-preview:large","max-video-preview":"max-video-preview:-1"},"canonical":"https:\/\/ch.gigroup.com\/fr\/a-propos-de-gi-group\/carrieres-chez-gi-group-construis-ton-histoire\/","og_locale":"fr_FR","og_type":"article","og_title":"Carri\u00e8res chez Gi Group \u2013 Construis ton histoire","og_description":"Rejoins Gi Group et contribue \u00e0 changer des vies gr\u00e2ce \u00e0 un travail porteur de sens. D\u00e9couvre une culture centr\u00e9e sur l\u2019humain, o\u00f9 passion, d\u00e9veloppement et objectif commun fa\u00e7onnent chaque parcours professionnel.","og_url":"https:\/\/ch.gigroup.com\/fr\/a-propos-de-gi-group\/carrieres-chez-gi-group-construis-ton-histoire\/","og_site_name":"Gi Group Switzerland","article_modified_time":"2026-04-30T12:39:02+00:00","og_image":[{"width":900,"height":600,"url":"https:\/\/ch.gigroup.com\/wp-content\/uploads\/sites\/13\/life-changer-worker.webp","type":"image\/webp"}],"twitter_card":"summary_large_image","schema":{"@context":"https:\/\/schema.org","@graph":[{"@type":"WebPage","@id":"https:\/\/ch.gigroup.com\/fr\/a-propos-de-gi-group\/carrieres-chez-gi-group-construis-ton-histoire\/","url":"https:\/\/ch.gigroup.com\/fr\/a-propos-de-gi-group\/carrieres-chez-gi-group-construis-ton-histoire\/","name":"Carri\u00e8res chez Gi Group | Construis ton histoire avec nous","isPartOf":{"@id":"https:\/\/ch.gigroup.com\/#website"},"primaryImageOfPage":{"@id":"https:\/\/ch.gigroup.com\/fr\/a-propos-de-gi-group\/carrieres-chez-gi-group-construis-ton-histoire\/#primaryimage"},"image":{"@id":"https:\/\/ch.gigroup.com\/fr\/a-propos-de-gi-group\/carrieres-chez-gi-group-construis-ton-histoire\/#primaryimage"},"thumbnailUrl":"https:\/\/ch.gigroup.com\/wp-content\/uploads\/sites\/13\/life-changer-worker.webp","datePublished":"2026-02-25T12:25:49+00:00","dateModified":"2026-04-30T12:39:02+00:00","description":"Rejoins Gi Group et contribue \u00e0 changer des vies gr\u00e2ce \u00e0 un travail porteur de sens. D\u00e9couvre une culture centr\u00e9e sur l\u2019humain, o\u00f9 passion, d\u00e9veloppement et objectif commun fa\u00e7onnent chaque parcours professionnel.","breadcrumb":{"@id":"https:\/\/ch.gigroup.com\/fr\/a-propos-de-gi-group\/carrieres-chez-gi-group-construis-ton-histoire\/#breadcrumb"},"inLanguage":"fr-FR","potentialAction":[{"@type":"ReadAction","target":["https:\/\/ch.gigroup.com\/fr\/a-propos-de-gi-group\/carrieres-chez-gi-group-construis-ton-histoire\/"]}]},{"@type":"ImageObject","inLanguage":"fr-FR","@id":"https:\/\/ch.gigroup.com\/fr\/a-propos-de-gi-group\/carrieres-chez-gi-group-construis-ton-histoire\/#primaryimage","url":"https:\/\/ch.gigroup.com\/wp-content\/uploads\/sites\/13\/life-changer-worker.webp","contentUrl":"https:\/\/ch.gigroup.com\/wp-content\/uploads\/sites\/13\/life-changer-worker.webp","width":900,"height":600,"caption":"life changer worker"},{"@type":"BreadcrumbList","@id":"https:\/\/ch.gigroup.com\/fr\/a-propos-de-gi-group\/carrieres-chez-gi-group-construis-ton-histoire\/#breadcrumb","itemListElement":[{"@type":"ListItem","position":1,"name":"Home","item":"https:\/\/ch.gigroup.com\/"},{"@type":"ListItem","position":2,"name":"\u00c0 propos de Gi Group","item":"https:\/\/ch.gigroup.com\/about-gi-group\/"},{"@type":"ListItem","position":3,"name":"Carri\u00e8res chez Gi Group \u2013 Construis ton histoire"}]},{"@type":"WebSite","@id":"https:\/\/ch.gigroup.com\/#website","url":"https:\/\/ch.gigroup.com\/","name":"Gi Group Switzerland","description":"Temporary and Permanent staffing","potentialAction":[{"@type":"SearchAction","target":{"@type":"EntryPoint","urlTemplate":"https:\/\/ch.gigroup.com\/?s={search_term_string}"},"query-input":{"@type":"PropertyValueSpecification","valueRequired":true,"valueName":"search_term_string"}}],"inLanguage":"fr-FR"}]}},"_links":{"self":[{"href":"https:\/\/ch.gigroup.com\/fr\/wp-json\/wp\/v2\/pages\/5539","targetHints":{"allow":["GET"]}}],"collection":[{"href":"https:\/\/ch.gigroup.com\/fr\/wp-json\/wp\/v2\/pages"}],"about":[{"href":"https:\/\/ch.gigroup.com\/fr\/wp-json\/wp\/v2\/types\/page"}],"author":[{"embeddable":true,"href":"https:\/\/ch.gigroup.com\/fr\/wp-json\/wp\/v2\/users\/1"}],"replies":[{"embeddable":true,"href":"https:\/\/ch.gigroup.com\/fr\/wp-json\/wp\/v2\/comments?post=5539"}],"version-history":[{"count":9,"href":"https:\/\/ch.gigroup.com\/fr\/wp-json\/wp\/v2\/pages\/5539\/revisions"}],"predecessor-version":[{"id":5746,"href":"https:\/\/ch.gigroup.com\/fr\/wp-json\/wp\/v2\/pages\/5539\/revisions\/5746"}],"up":[{"embeddable":true,"href":"https:\/\/ch.gigroup.com\/fr\/wp-json\/wp\/v2\/pages\/4215"}],"wp:featuredmedia":[{"embeddable":true,"href":"https:\/\/ch.gigroup.com\/fr\/wp-json\/wp\/v2\/media\/5398"}],"wp:attachment":[{"href":"https:\/\/ch.gigroup.com\/fr\/wp-json\/wp\/v2\/media?parent=5539"}],"curies":[{"name":"wp","href":"https:\/\/api.w.org\/{rel}","templated":true}]}}