{"id":6928,"date":"2026-03-30T14:49:49","date_gmt":"2026-03-30T12:49:49","guid":{"rendered":"https:\/\/ch.gigroup.com\/?page_id=6928"},"modified":"2026-03-30T14:49:49","modified_gmt":"2026-03-30T12:49:49","slug":"gi-group-industry-for-candidates","status":"publish","type":"page","link":"https:\/\/ch.gigroup.com\/fr\/candidats\/gi-group-industry-for-candidates\/","title":{"rendered":"Gi Group Industry pour les candidats"},"content":{"rendered":"","protected":false},"excerpt":{"rendered":"","protected":false},"author":33,"featured_media":6321,"parent":6680,"menu_order":0,"comment_status":"closed","ping_status":"closed","template":"","meta":{"footnotes":""},"class_list":["post-6928","page","type-page","status-publish","has-post-thumbnail","hentry"],"yoast_head":"<!-- This site is optimized with the Yoast SEO Premium plugin v27.4 (Yoast SEO v27.4) - https:\/\/yoast.com\/product\/yoast-seo-premium-wordpress\/ -->\n<title>Gi Group Industry: offres d&#039;emploi dans le secteur industriel<\/title>\n<meta name=\"description\" content=\"Nous identifions des opportunit\u00e9s d&#039;emploi enrichissantes dans le secteur de la logistique. Forts de plus de 30 ans d&#039;exp\u00e9rience, nous sommes en mesure de vous aider \u00e0 franchir une nouvelle \u00e9tape, que vous souhaitiez d\u00e9buter votre carri\u00e8re ou vous r\u00e9orienter professionnellement.\" \/>\n<meta name=\"robots\" content=\"index, follow, max-snippet:-1, max-image-preview:large, max-video-preview:-1\" \/>\n<link rel=\"canonical\" href=\"https:\/\/ch.gigroup.com\/fr\/candidats\/gi-group-industry-for-candidates\/\" \/>\n<meta property=\"og:locale\" content=\"fr_FR\" \/>\n<meta property=\"og:type\" content=\"article\" \/>\n<meta property=\"og:title\" content=\"Gi Group Industry pour les candidats\" \/>\n<meta property=\"og:description\" content=\"Nous identifions des opportunit\u00e9s d&#039;emploi enrichissantes dans le secteur de la logistique. Forts de plus de 30 ans d&#039;exp\u00e9rience, nous sommes en mesure de vous aider \u00e0 franchir une nouvelle \u00e9tape, que vous souhaitiez d\u00e9buter votre carri\u00e8re ou vous r\u00e9orienter professionnellement.\" \/>\n<meta property=\"og:url\" content=\"https:\/\/ch.gigroup.com\/fr\/candidats\/gi-group-industry-for-candidates\/\" \/>\n<meta property=\"og:site_name\" content=\"Gi Group Switzerland\" \/>\n<meta property=\"og:image\" content=\"https:\/\/ch.gigroup.com\/wp-content\/uploads\/sites\/13\/divisions-gibpo.webp\" \/>\n\t<meta property=\"og:image:width\" content=\"900\" \/>\n\t<meta property=\"og:image:height\" content=\"600\" \/>\n\t<meta property=\"og:image:type\" content=\"image\/webp\" \/>\n<meta name=\"twitter:card\" content=\"summary_large_image\" \/>\n<script type=\"application\/ld+json\" class=\"yoast-schema-graph\">{\"@context\":\"https:\\\/\\\/schema.org\",\"@graph\":[{\"@type\":\"WebPage\",\"@id\":\"https:\\\/\\\/ch.gigroup.com\\\/fr\\\/candidats\\\/gi-group-industry-for-candidates\\\/\",\"url\":\"https:\\\/\\\/ch.gigroup.com\\\/fr\\\/candidats\\\/gi-group-industry-for-candidates\\\/\",\"name\":\"Gi Group Industry: offres d'emploi dans le secteur industriel\",\"isPartOf\":{\"@id\":\"https:\\\/\\\/ch.gigroup.com\\\/#website\"},\"primaryImageOfPage\":{\"@id\":\"https:\\\/\\\/ch.gigroup.com\\\/fr\\\/candidats\\\/gi-group-industry-for-candidates\\\/#primaryimage\"},\"image\":{\"@id\":\"https:\\\/\\\/ch.gigroup.com\\\/fr\\\/candidats\\\/gi-group-industry-for-candidates\\\/#primaryimage\"},\"thumbnailUrl\":\"https:\\\/\\\/ch.gigroup.com\\\/wp-content\\\/uploads\\\/sites\\\/13\\\/divisions-gibpo.webp\",\"datePublished\":\"2026-03-30T12:49:49+00:00\",\"description\":\"Nous identifions des opportunit\u00e9s d'emploi enrichissantes dans le secteur de la logistique. Forts de plus de 30 ans d'exp\u00e9rience, nous sommes en mesure de vous aider \u00e0 franchir une nouvelle \u00e9tape, que vous souhaitiez d\u00e9buter votre carri\u00e8re ou vous r\u00e9orienter professionnellement.\",\"breadcrumb\":{\"@id\":\"https:\\\/\\\/ch.gigroup.com\\\/fr\\\/candidats\\\/gi-group-industry-for-candidates\\\/#breadcrumb\"},\"inLanguage\":\"fr-FR\",\"potentialAction\":[{\"@type\":\"ReadAction\",\"target\":[\"https:\\\/\\\/ch.gigroup.com\\\/fr\\\/candidats\\\/gi-group-industry-for-candidates\\\/\"]}]},{\"@type\":\"ImageObject\",\"inLanguage\":\"fr-FR\",\"@id\":\"https:\\\/\\\/ch.gigroup.com\\\/fr\\\/candidats\\\/gi-group-industry-for-candidates\\\/#primaryimage\",\"url\":\"https:\\\/\\\/ch.gigroup.com\\\/wp-content\\\/uploads\\\/sites\\\/13\\\/divisions-gibpo.webp\",\"contentUrl\":\"https:\\\/\\\/ch.gigroup.com\\\/wp-content\\\/uploads\\\/sites\\\/13\\\/divisions-gibpo.webp\",\"width\":900,\"height\":600,\"caption\":\"divisions gibpo\"},{\"@type\":\"BreadcrumbList\",\"@id\":\"https:\\\/\\\/ch.gigroup.com\\\/fr\\\/candidats\\\/gi-group-industry-for-candidates\\\/#breadcrumb\",\"itemListElement\":[{\"@type\":\"ListItem\",\"position\":1,\"name\":\"Home\",\"item\":\"https:\\\/\\\/ch.gigroup.com\\\/\"},{\"@type\":\"ListItem\",\"position\":2,\"name\":\"Candidats\",\"item\":\"https:\\\/\\\/ch.gigroup.com\\\/fr\\\/candidats\\\/\"},{\"@type\":\"ListItem\",\"position\":3,\"name\":\"Gi Group Industry pour les candidats\"}]},{\"@type\":\"WebSite\",\"@id\":\"https:\\\/\\\/ch.gigroup.com\\\/#website\",\"url\":\"https:\\\/\\\/ch.gigroup.com\\\/\",\"name\":\"Gi Group Switzerland\",\"description\":\"Temporary and Permanent staffing\",\"potentialAction\":[{\"@type\":\"SearchAction\",\"target\":{\"@type\":\"EntryPoint\",\"urlTemplate\":\"https:\\\/\\\/ch.gigroup.com\\\/?s={search_term_string}\"},\"query-input\":{\"@type\":\"PropertyValueSpecification\",\"valueRequired\":true,\"valueName\":\"search_term_string\"}}],\"inLanguage\":\"fr-FR\"}]}<\/script>\n<!-- \/ Yoast SEO Premium plugin. -->","yoast_head_json":{"title":"Gi Group Industry: offres d'emploi dans le secteur industriel","description":"Nous identifions des opportunit\u00e9s d'emploi enrichissantes dans le secteur de la logistique. Forts de plus de 30 ans d'exp\u00e9rience, nous sommes en mesure de vous aider \u00e0 franchir une nouvelle \u00e9tape, que vous souhaitiez d\u00e9buter votre carri\u00e8re ou vous r\u00e9orienter professionnellement.","robots":{"index":"index","follow":"follow","max-snippet":"max-snippet:-1","max-image-preview":"max-image-preview:large","max-video-preview":"max-video-preview:-1"},"canonical":"https:\/\/ch.gigroup.com\/fr\/candidats\/gi-group-industry-for-candidates\/","og_locale":"fr_FR","og_type":"article","og_title":"Gi Group Industry pour les candidats","og_description":"Nous identifions des opportunit\u00e9s d'emploi enrichissantes dans le secteur de la logistique. Forts de plus de 30 ans d'exp\u00e9rience, nous sommes en mesure de vous aider \u00e0 franchir une nouvelle \u00e9tape, que vous souhaitiez d\u00e9buter votre carri\u00e8re ou vous r\u00e9orienter professionnellement.","og_url":"https:\/\/ch.gigroup.com\/fr\/candidats\/gi-group-industry-for-candidates\/","og_site_name":"Gi Group Switzerland","og_image":[{"width":900,"height":600,"url":"https:\/\/ch.gigroup.com\/wp-content\/uploads\/sites\/13\/divisions-gibpo.webp","type":"image\/webp"}],"twitter_card":"summary_large_image","schema":{"@context":"https:\/\/schema.org","@graph":[{"@type":"WebPage","@id":"https:\/\/ch.gigroup.com\/fr\/candidats\/gi-group-industry-for-candidates\/","url":"https:\/\/ch.gigroup.com\/fr\/candidats\/gi-group-industry-for-candidates\/","name":"Gi Group Industry: offres d'emploi dans le secteur industriel","isPartOf":{"@id":"https:\/\/ch.gigroup.com\/#website"},"primaryImageOfPage":{"@id":"https:\/\/ch.gigroup.com\/fr\/candidats\/gi-group-industry-for-candidates\/#primaryimage"},"image":{"@id":"https:\/\/ch.gigroup.com\/fr\/candidats\/gi-group-industry-for-candidates\/#primaryimage"},"thumbnailUrl":"https:\/\/ch.gigroup.com\/wp-content\/uploads\/sites\/13\/divisions-gibpo.webp","datePublished":"2026-03-30T12:49:49+00:00","description":"Nous identifions des opportunit\u00e9s d'emploi enrichissantes dans le secteur de la logistique. Forts de plus de 30 ans d'exp\u00e9rience, nous sommes en mesure de vous aider \u00e0 franchir une nouvelle \u00e9tape, que vous souhaitiez d\u00e9buter votre carri\u00e8re ou vous r\u00e9orienter professionnellement.","breadcrumb":{"@id":"https:\/\/ch.gigroup.com\/fr\/candidats\/gi-group-industry-for-candidates\/#breadcrumb"},"inLanguage":"fr-FR","potentialAction":[{"@type":"ReadAction","target":["https:\/\/ch.gigroup.com\/fr\/candidats\/gi-group-industry-for-candidates\/"]}]},{"@type":"ImageObject","inLanguage":"fr-FR","@id":"https:\/\/ch.gigroup.com\/fr\/candidats\/gi-group-industry-for-candidates\/#primaryimage","url":"https:\/\/ch.gigroup.com\/wp-content\/uploads\/sites\/13\/divisions-gibpo.webp","contentUrl":"https:\/\/ch.gigroup.com\/wp-content\/uploads\/sites\/13\/divisions-gibpo.webp","width":900,"height":600,"caption":"divisions gibpo"},{"@type":"BreadcrumbList","@id":"https:\/\/ch.gigroup.com\/fr\/candidats\/gi-group-industry-for-candidates\/#breadcrumb","itemListElement":[{"@type":"ListItem","position":1,"name":"Home","item":"https:\/\/ch.gigroup.com\/"},{"@type":"ListItem","position":2,"name":"Candidats","item":"https:\/\/ch.gigroup.com\/fr\/candidats\/"},{"@type":"ListItem","position":3,"name":"Gi Group Industry pour les candidats"}]},{"@type":"WebSite","@id":"https:\/\/ch.gigroup.com\/#website","url":"https:\/\/ch.gigroup.com\/","name":"Gi Group Switzerland","description":"Temporary and Permanent staffing","potentialAction":[{"@type":"SearchAction","target":{"@type":"EntryPoint","urlTemplate":"https:\/\/ch.gigroup.com\/?s={search_term_string}"},"query-input":{"@type":"PropertyValueSpecification","valueRequired":true,"valueName":"search_term_string"}}],"inLanguage":"fr-FR"}]}},"_links":{"self":[{"href":"https:\/\/ch.gigroup.com\/fr\/wp-json\/wp\/v2\/pages\/6928","targetHints":{"allow":["GET"]}}],"collection":[{"href":"https:\/\/ch.gigroup.com\/fr\/wp-json\/wp\/v2\/pages"}],"about":[{"href":"https:\/\/ch.gigroup.com\/fr\/wp-json\/wp\/v2\/types\/page"}],"author":[{"embeddable":true,"href":"https:\/\/ch.gigroup.com\/fr\/wp-json\/wp\/v2\/users\/33"}],"replies":[{"embeddable":true,"href":"https:\/\/ch.gigroup.com\/fr\/wp-json\/wp\/v2\/comments?post=6928"}],"version-history":[{"count":3,"href":"https:\/\/ch.gigroup.com\/fr\/wp-json\/wp\/v2\/pages\/6928\/revisions"}],"predecessor-version":[{"id":6936,"href":"https:\/\/ch.gigroup.com\/fr\/wp-json\/wp\/v2\/pages\/6928\/revisions\/6936"}],"up":[{"embeddable":true,"href":"https:\/\/ch.gigroup.com\/fr\/wp-json\/wp\/v2\/pages\/6680"}],"wp:featuredmedia":[{"embeddable":true,"href":"https:\/\/ch.gigroup.com\/fr\/wp-json\/wp\/v2\/media\/6321"}],"wp:attachment":[{"href":"https:\/\/ch.gigroup.com\/fr\/wp-json\/wp\/v2\/media?parent=6928"}],"curies":[{"name":"wp","href":"https:\/\/api.w.org\/{rel}","templated":true}]}}